{"id":50,"date":"2020-11-24T17:24:51","date_gmt":"2020-11-24T17:24:51","guid":{"rendered":"https:\/\/www.itba.edu.ar\/centros\/ci\/?page_id=50"},"modified":"2021-01-22T13:15:41","modified_gmt":"2021-01-22T13:15:41","slug":"proyectos","status":"publish","type":"page","link":"https:\/\/www.itba.edu.ar\/centros\/ci\/proyectos\/","title":{"rendered":"Proyectos"},"content":{"rendered":"<p>[et_pb_section fb_built=\u00bb1&#8243; admin_label=\u00bbHero\u00bb _builder_version=\u00bb4.6.6&#8243; use_background_color_gradient=\u00bbon\u00bb background_color_gradient_start=\u00bbrgba(40,40,40,0.79)\u00bb background_color_gradient_end=\u00bbrgba(40,40,40,0.86)\u00bb background_color_gradient_type=\u00bbradial\u00bb background_color_gradient_direction_radial=\u00bbtop left\u00bb background_color_gradient_overlays_image=\u00bbon\u00bb background_image=\u00bbhttps:\/\/centros-investigacion-nv.s3.amazonaws.com\/wp-content\/uploads\/sites\/12\/2020\/11\/ci-header-proyectos.jpg\u00bb background_blend=\u00bbhard-light\u00bb max_height=\u00bb400px\u00bb custom_margin=\u00bb||||false\u00bb custom_padding=\u00bb8vw||8vw||true|false\u00bb][et_pb_row column_structure=\u00bb2_3,1_3&#8243; _builder_version=\u00bb4.6.6&#8243; custom_margin=\u00bb-50px||||false|false\u00bb locked=\u00bboff\u00bb][et_pb_column type=\u00bb2_3&#8243; _builder_version=\u00bb3.25&#8243; custom_padding=\u00bb|||\u00bb custom_padding__hover=\u00bb|||\u00bb][et_pb_text _builder_version=\u00bb4.6.6&#8243; text_font=\u00bb||||||||\u00bb header_font=\u00bbRubik|700|||||||\u00bb header_font_size=\u00bb64px\u00bb header_line_height=\u00bb1.1em\u00bb background_layout=\u00bbdark\u00bb max_width=\u00bb968px\u00bb custom_margin=\u00bb||0px|\u00bb custom_padding=\u00bb|||16px\u00bb text_font_size_tablet=\u00bb14px\u00bb text_font_size_last_edited=\u00bboff|desktop\u00bb header_font_size_tablet=\u00bb44px\u00bb header_font_size_phone=\u00bb32px\u00bb header_font_size_last_edited=\u00bbon|phone\u00bb border_color_all=\u00bb#ADFF30&#8243; border_width_left=\u00bb10px\u00bb]<\/p>\n<h1>Proyectos<\/h1>\n<h2 style=\"color: #000\"><span style=\"background-color: #BACB00;background-size: auto;line-height: 1.6;color: #000000\">Centro de Inform\u00e1tica<\/span><\/h2>\n<p>[\/et_pb_text][\/et_pb_column][et_pb_column type=\u00bb1_3&#8243; _builder_version=\u00bb3.25&#8243; custom_padding=\u00bb|||\u00bb custom_padding__hover=\u00bb|||\u00bb][\/et_pb_column][\/et_pb_row][\/et_pb_section][et_pb_section fb_built=\u00bb1&#8243; admin_label=\u00bb Get a Quote\u00bb _builder_version=\u00bb4.6.6&#8243; background_color=\u00bb#ffffff\u00bb custom_padding=\u00bb|||\u00bb animation_style=\u00bbslide\u00bb animation_direction=\u00bbtop\u00bb animation_intensity_slide=\u00bb10%\u00bb box_shadow_style=\u00bbpreset3&#8243; box_shadow_vertical=\u00bb10px\u00bb box_shadow_blur=\u00bb105px\u00bb box_shadow_spread=\u00bb0px\u00bb box_shadow_color=\u00bbrgba(0,0,0,0.12)\u00bb][et_pb_row _builder_version=\u00bb4.7.7&#8243; _module_preset=\u00bbdefault\u00bb][et_pb_column _builder_version=\u00bb4.7.7&#8243; _module_preset=\u00bbdefault\u00bb type=\u00bb4_4&#8243;][et_pb_text _builder_version=\u00bb4.7.7&#8243; _module_preset=\u00bbdefault\u00bb hover_enabled=\u00bb0&#8243; sticky_enabled=\u00bb0&#8243;]<\/p>\n<h3 style=\"text-align: justify\"><strong><b>Proyecto: PICT 2017 \u2013 1054<\/b><\/strong><\/h3>\n<p style=\"text-align: justify\"><strong><\/strong><\/p>\n<p style=\"text-align: justify\"><strong><\/strong><\/p>\n<p style=\"text-align: justify\"><strong>T\u00edtulo:\u00a0<\/strong><span>Dise\u00f1o e Implementaci\u00f3n de Herramientas para la Administraci\u00f3n y An\u00e1lisis de la Evoluci\u00f3n de Datos Complejos en Big Data utilizando Bases de Datos de Grafos<\/span><\/p>\n<p style=\"text-align: justify\"><strong>Descripci\u00f3n<\/strong><\/p>\n<p style=\"text-align: justify\"><span>Los nuevos paradigmas de an\u00e1lisis de datos deben poder manejar no solamente datos alfanum\u00e9ricos, sino que tambi\u00e9n se debe dar soporte a operaciones sobre datos de diverso tipo, por ejemplo, geogr\u00e1ficos, im\u00e1genes satelitales rasterizadas, datos multimediales (audio\/video), informaci\u00f3n no estructurada en redes sociales, entre otros. Estos nuevos tipos de datos se caracterizan por su naturaleza no-relacional, y, fundamentalmente, por su conectividad, que ha venido creciendo exponencialmente, impulsada por diversas iniciativas y aplicaciones. Los grafos son posiblemente la mejor estructura de datos para representar la inmensa red de conexiones que subyacen a las aplicaciones y problemas mencionados anteriormente. Es por ello que el uso de las bases de datos de grafos (un caso particular de tecnolog\u00eda NoSQL) como soluci\u00f3n al problema de almacenar y analizar estos enormes grafos ha venido ganando espacio consistentemente. <\/span><\/p>\n<p style=\"text-align: justify\"><span>La dimensi\u00f3n temporal est\u00e1 presente en la mayor\u00eda de los problemas y aplicaciones que mencionamos anteriormente. Como un ejemplo bien conocido, los grafos que representan redes sociales evolucionan permanentemente en el tiempo (como en los casos en los que se agregan y quitan amigos, o se modifican preferencias). El an\u00e1lisis de esta informaci\u00f3n temporal (ya sea para efectuar miner\u00eda de datos, sumarizaciones, etc.), requiere herramientas que permitan administrarla, consultarla, analizarla y visualizarla eficientemente. Sorprendentemente, a pesar de la relevancia de este problema, la comunidad de bases de datos no le ha prestado, hasta el momento, la suficiente atenci\u00f3n al tema. Este proyecto pretende ocupar ese espacio, desarrollando t\u00e9cnicas y modelos que permitan integrar, publicar, vincular, consultar, analizar y visualizar la evoluci\u00f3n de grandes vol\u00famenes de datos representados en forma de grafos variantes en el tiempo, y aplicar la soluci\u00f3n a casos de estudio reales donde soluciones tradicionales no resultan eficaces.<\/span><\/p>\n<p>[\/et_pb_text][\/et_pb_column][\/et_pb_row][\/et_pb_section]<\/p>\n","protected":false},"excerpt":{"rendered":"<p>Proyectos Centro de Inform\u00e1ticaProyecto: PICT 2017 \u2013 1054 T\u00edtulo:\u00a0Dise\u00f1o e Implementaci\u00f3n de Herramientas para la Administraci\u00f3n y An\u00e1lisis de la Evoluci\u00f3n de Datos Complejos en Big Data utilizando Bases de Datos de Grafos Descripci\u00f3n Los nuevos paradigmas de an\u00e1lisis de datos deben poder manejar no solamente datos alfanum\u00e9ricos, sino que tambi\u00e9n se debe dar soporte [&hellip;]<\/p>\n","protected":false},"author":7,"featured_media":0,"parent":0,"menu_order":0,"comment_status":"closed","ping_status":"closed","template":"","meta":{"_et_pb_use_builder":"on","_et_pb_old_content":"","_et_gb_content_width":"","footnotes":""},"class_list":["post-50","page","type-page","status-publish","hentry"],"_links":{"self":[{"href":"https:\/\/www.itba.edu.ar\/centros\/ci\/wp-json\/wp\/v2\/pages\/50","targetHints":{"allow":["GET"]}}],"collection":[{"href":"https:\/\/www.itba.edu.ar\/centros\/ci\/wp-json\/wp\/v2\/pages"}],"about":[{"href":"https:\/\/www.itba.edu.ar\/centros\/ci\/wp-json\/wp\/v2\/types\/page"}],"author":[{"embeddable":true,"href":"https:\/\/www.itba.edu.ar\/centros\/ci\/wp-json\/wp\/v2\/users\/7"}],"replies":[{"embeddable":true,"href":"https:\/\/www.itba.edu.ar\/centros\/ci\/wp-json\/wp\/v2\/comments?post=50"}],"version-history":[{"count":7,"href":"https:\/\/www.itba.edu.ar\/centros\/ci\/wp-json\/wp\/v2\/pages\/50\/revisions"}],"predecessor-version":[{"id":85,"href":"https:\/\/www.itba.edu.ar\/centros\/ci\/wp-json\/wp\/v2\/pages\/50\/revisions\/85"}],"wp:attachment":[{"href":"https:\/\/www.itba.edu.ar\/centros\/ci\/wp-json\/wp\/v2\/media?parent=50"}],"curies":[{"name":"wp","href":"https:\/\/api.w.org\/{rel}","templated":true}]}}