{"id":56,"date":"2020-11-19T14:53:43","date_gmt":"2020-11-19T14:53:43","guid":{"rendered":"https:\/\/www.itba.edu.ar\/centros\/cesyc\/?page_id=56"},"modified":"2020-11-19T17:11:41","modified_gmt":"2020-11-19T17:11:41","slug":"proyectos-financiados","status":"publish","type":"page","link":"https:\/\/www.itba.edu.ar\/centros\/cesyc\/proyectos-financiados\/","title":{"rendered":"Proyectos Financiados"},"content":{"rendered":"<p>[et_pb_section fb_built=\u00bb1&#8243; admin_label=\u00bbHero\u00bb _builder_version=\u00bb4.6.6&#8243; use_background_color_gradient=\u00bbon\u00bb background_color_gradient_start=\u00bbrgba(40,40,40,0.79)\u00bb background_color_gradient_end=\u00bbrgba(40,40,40,0.86)\u00bb background_color_gradient_type=\u00bbradial\u00bb background_color_gradient_direction_radial=\u00bbtop left\u00bb background_color_gradient_overlays_image=\u00bbon\u00bb background_image=\u00bbhttps:\/\/centros-investigacion-nv.s3.amazonaws.com\/wp-content\/uploads\/sites\/9\/2020\/11\/cesyc-header-proyectos.jpg\u00bb background_blend=\u00bbhard-light\u00bb max_height=\u00bb400px\u00bb custom_margin=\u00bb||||false\u00bb custom_padding=\u00bb8vw||8vw||true|false\u00bb][et_pb_row column_structure=\u00bb2_3,1_3&#8243; _builder_version=\u00bb4.6.6&#8243; custom_margin=\u00bb-50px||||false|false\u00bb locked=\u00bboff\u00bb][et_pb_column type=\u00bb2_3&#8243; _builder_version=\u00bb3.25&#8243; custom_padding=\u00bb|||\u00bb custom_padding__hover=\u00bb|||\u00bb][et_pb_text _builder_version=\u00bb4.6.6&#8243; text_font=\u00bb||||||||\u00bb header_font=\u00bbRubik|700|||||||\u00bb header_font_size=\u00bb64px\u00bb header_line_height=\u00bb1.1em\u00bb background_layout=\u00bbdark\u00bb max_width=\u00bb968px\u00bb custom_margin=\u00bb||0px|\u00bb custom_padding=\u00bb|||16px\u00bb hover_enabled=\u00bb0&#8243; text_font_size_tablet=\u00bb14px\u00bb text_font_size_last_edited=\u00bboff|desktop\u00bb header_font_size_tablet=\u00bb44px\u00bb header_font_size_phone=\u00bb32px\u00bb header_font_size_last_edited=\u00bbon|phone\u00bb border_color_all=\u00bb#034ea2&#8243; border_width_left=\u00bb10px\u00bb sticky_enabled=\u00bb0&#8243;]<\/p>\n<h1>Proyectos Financiados<\/h1>\n<h2><span style=\"background-color: #034ea2;background-size: auto;line-height: 1.6\">Centro de Sistemas y Control<\/span><\/h2>\n<p>[\/et_pb_text][\/et_pb_column][et_pb_column type=\u00bb1_3&#8243; _builder_version=\u00bb3.25&#8243; custom_padding=\u00bb|||\u00bb custom_padding__hover=\u00bb|||\u00bb][\/et_pb_column][\/et_pb_row][\/et_pb_section][et_pb_section fb_built=\u00bb1&#8243; admin_label=\u00bb Get a Quote\u00bb _builder_version=\u00bb4.6.6&#8243; background_color=\u00bb#ffffff\u00bb custom_padding=\u00bb|||\u00bb animation_style=\u00bbslide\u00bb animation_direction=\u00bbtop\u00bb animation_intensity_slide=\u00bb10%\u00bb box_shadow_style=\u00bbpreset3&#8243; box_shadow_vertical=\u00bb10px\u00bb box_shadow_blur=\u00bb105px\u00bb box_shadow_spread=\u00bb0px\u00bb box_shadow_color=\u00bbrgba(0,0,0,0.12)\u00bb][et_pb_row _builder_version=\u00bb4.6.6&#8243; background_color=\u00bb#ffffff\u00bb max_width=\u00bb80%\u00bb custom_margin=\u00bb|||\u00bb use_custom_width=\u00bbon\u00bb width_unit=\u00bboff\u00bb][et_pb_column type=\u00bb4_4&#8243; _builder_version=\u00bb4.6.6&#8243; background_color=\u00bb#ffffff\u00bb custom_padding=\u00bb|||\u00bb custom_padding__hover=\u00bb|||\u00bb][et_pb_toggle title=\u00bbProyectos en ejecuci\u00f3n\u00bb open_toggle_background_color=\u00bb#ffffff\u00bb closed_toggle_background_color=\u00bb#F4F4F4&#8243; disabled_on=\u00bbon|off|off\u00bb _builder_version=\u00bb4.6.6&#8243; _module_preset=\u00bbdefault\u00bb closed_title_font=\u00bbOpen Sans||||||||\u00bb background_color=\u00bb#ffffff\u00bb]<\/p>\n<ul>\n<li>P\u00e1ncreas Artificial. Fundaciones Nuria\/ Cellex (Argentina-Espa\u00f1a). Director: Ricardo S\u00e1nchez Pe\u00f1a<\/li>\n<li>Control de la actividad neuronal a lazo cerrado mediante optogen\u00e9tica. ANPCyT PICT 2017-2417. Director: Ricardo S\u00e1nchez Pe\u00f1a.<\/li>\n<li>Control de electrolizadores de alta presi\u00f3n. Programa EMHE CSIC CONICET (Espa\u00f1a-Argentina). Director: Ricardo S\u00e1nchez Pe\u00f1a.<\/li>\n<li>Redes Reconfigurables de Sensores para la Captura de Datos Ambientales usando Robots Multidominio. ANPCyT PICT 2016-2016. Director: Ignacio Mas.<\/li>\n<\/ul>\n<p>[\/et_pb_toggle][et_pb_toggle title=\u00bbProyectos ejecutados\u00bb open_toggle_background_color=\u00bb#ffffff\u00bb closed_toggle_background_color=\u00bb#F4F4F4&#8243; disabled_on=\u00bbon|off|off\u00bb _builder_version=\u00bb4.6.6&#8243; _module_preset=\u00bbdefault\u00bb closed_title_font=\u00bbOpen Sans||||||||\u00bb background_color=\u00bb#ffffff\u00bb]<\/p>\n<ul>\n<li>Control de sistemas no lineales. ANPCyT PICTOS ITBA-2005-31255. Director Rafael Garc\u00eda.<\/li>\n<li>Control de sistemas no lineales. ANPCyT PICT-Bicentenario-1323. Director Rafael Garc\u00eda.<\/li>\n<li>Brecha entre teor\u00eda matem\u00e1tica y aplicaciones ingenieriles en sistemas y control. ANPCyT PICT-PRH-2008-290. Director: Ricardo S\u00e1nchez Pe\u00f1a.<\/li>\n<li>Control Autom\u00e1tico de Diabetes Mellitus tipo 1. Fundaciones Nuria\/ Cellex (Argentina-Espa\u00f1a). Director: Ricardo S\u00e1nchez Pe\u00f1a.<\/li>\n<li>Navigation &amp; Fault Tolerant Control in Flight Formation. USA International Technology Center, EEUU. Director: Ricardo S\u00e1nchez Pe\u00f1a.<\/li>\n<li>Control no lineal, ANPCyT PICT-2014-2599. Director: Jos\u00e9 Luis Mancilla Aguilar.<\/li>\n<li>Control Coordinado de Veh\u00edculos No Tripulados A\u00e9reos y Submarinos. ANPCyT PICT 2014-2055. Director: Ignacio Mas.<\/li>\n<li>Desarrollo de un Banco de Pruebas Experimental para la Navegaci\u00f3n Coordinada de Veh\u00edculos A\u00e9reos No Tripulados. ITBACyT 2013-17. Director: Ignacio Mas.<\/li>\n<li>Ensayos Experimentales y Control Tolerante a Fallas en Micro-UAVs y Formaciones. ITBACyT 2016-28. Director:Alejandro Ghersin.<\/li>\n<\/ul>\n<p>[\/et_pb_toggle][\/et_pb_column][\/et_pb_row][\/et_pb_section]<\/p>\n","protected":false},"excerpt":{"rendered":"<p>Proyectos Financiados Centro de Sistemas y Control P\u00e1ncreas Artificial. Fundaciones Nuria\/ Cellex (Argentina-Espa\u00f1a). Director: Ricardo S\u00e1nchez Pe\u00f1a Control de la actividad neuronal a lazo cerrado mediante optogen\u00e9tica. ANPCyT PICT 2017-2417. Director: Ricardo S\u00e1nchez Pe\u00f1a. Control de electrolizadores de alta presi\u00f3n. Programa EMHE CSIC CONICET (Espa\u00f1a-Argentina). Director: Ricardo S\u00e1nchez Pe\u00f1a. Redes Reconfigurables de Sensores para la [&hellip;]<\/p>\n","protected":false},"author":7,"featured_media":0,"parent":0,"menu_order":0,"comment_status":"closed","ping_status":"closed","template":"","meta":{"_et_pb_use_builder":"on","_et_pb_old_content":"","_et_gb_content_width":"","footnotes":""},"class_list":["post-56","page","type-page","status-publish","hentry"],"_links":{"self":[{"href":"https:\/\/www.itba.edu.ar\/centros\/cesyc\/wp-json\/wp\/v2\/pages\/56","targetHints":{"allow":["GET"]}}],"collection":[{"href":"https:\/\/www.itba.edu.ar\/centros\/cesyc\/wp-json\/wp\/v2\/pages"}],"about":[{"href":"https:\/\/www.itba.edu.ar\/centros\/cesyc\/wp-json\/wp\/v2\/types\/page"}],"author":[{"embeddable":true,"href":"https:\/\/www.itba.edu.ar\/centros\/cesyc\/wp-json\/wp\/v2\/users\/7"}],"replies":[{"embeddable":true,"href":"https:\/\/www.itba.edu.ar\/centros\/cesyc\/wp-json\/wp\/v2\/comments?post=56"}],"version-history":[{"count":7,"href":"https:\/\/www.itba.edu.ar\/centros\/cesyc\/wp-json\/wp\/v2\/pages\/56\/revisions"}],"predecessor-version":[{"id":96,"href":"https:\/\/www.itba.edu.ar\/centros\/cesyc\/wp-json\/wp\/v2\/pages\/56\/revisions\/96"}],"wp:attachment":[{"href":"https:\/\/www.itba.edu.ar\/centros\/cesyc\/wp-json\/wp\/v2\/media?parent=56"}],"curies":[{"name":"wp","href":"https:\/\/api.w.org\/{rel}","templated":true}]}}