{"id":47,"date":"2020-11-25T12:00:01","date_gmt":"2020-11-25T12:00:01","guid":{"rendered":"https:\/\/www.itba.edu.ar\/centros\/cemat\/?page_id=47"},"modified":"2021-01-21T19:19:56","modified_gmt":"2021-01-21T19:19:56","slug":"proyectos","status":"publish","type":"page","link":"https:\/\/www.itba.edu.ar\/centros\/cemat\/proyectos\/","title":{"rendered":"Proyectos"},"content":{"rendered":"<p>[et_pb_section fb_built=\u00bb1&#8243; admin_label=\u00bbHero\u00bb _builder_version=\u00bb4.6.6&#8243; use_background_color_gradient=\u00bbon\u00bb background_color_gradient_start=\u00bbrgba(40,40,40,0.79)\u00bb background_color_gradient_end=\u00bbrgba(40,40,40,0.86)\u00bb background_color_gradient_type=\u00bbradial\u00bb background_color_gradient_direction_radial=\u00bbtop left\u00bb background_color_gradient_overlays_image=\u00bbon\u00bb background_image=\u00bbhttps:\/\/centros-investigacion-nv.s3.amazonaws.com\/wp-content\/uploads\/sites\/7\/2020\/11\/ci-header-proyectos.jpg\u00bb background_blend=\u00bbhard-light\u00bb max_height=\u00bb400px\u00bb custom_margin=\u00bb||||false\u00bb custom_padding=\u00bb8vw||8vw||true|false\u00bb][et_pb_row column_structure=\u00bb2_3,1_3&#8243; _builder_version=\u00bb4.6.6&#8243; custom_margin=\u00bb-50px||||false|false\u00bb locked=\u00bboff\u00bb][et_pb_column type=\u00bb2_3&#8243; _builder_version=\u00bb3.25&#8243; custom_padding=\u00bb|||\u00bb custom_padding__hover=\u00bb|||\u00bb][et_pb_text _builder_version=\u00bb4.6.6&#8243; text_font=\u00bb||||||||\u00bb header_font=\u00bbRubik|700|||||||\u00bb header_font_size=\u00bb64px\u00bb header_line_height=\u00bb1.1em\u00bb background_layout=\u00bbdark\u00bb max_width=\u00bb968px\u00bb custom_margin=\u00bb||0px|\u00bb custom_padding=\u00bb|||16px\u00bb text_font_size_tablet=\u00bb14px\u00bb text_font_size_last_edited=\u00bboff|desktop\u00bb header_font_size_tablet=\u00bb44px\u00bb header_font_size_phone=\u00bb32px\u00bb header_font_size_last_edited=\u00bbon|phone\u00bb border_color_all=\u00bb#FF0000&#8243; border_width_left=\u00bb10px\u00bb]<\/p>\n<h1>Proyectos y Publicaciones<\/h1>\n<h2 style=\"color: #000\"><span style=\"background-color: #ff0000;background-size: auto;line-height: 1.6;color: #000000\">Centro de Ingenier\u00eda en Materiales<\/span><\/h2>\n<p>[\/et_pb_text][\/et_pb_column][et_pb_column type=\u00bb1_3&#8243; _builder_version=\u00bb3.25&#8243; custom_padding=\u00bb|||\u00bb custom_padding__hover=\u00bb|||\u00bb][\/et_pb_column][\/et_pb_row][\/et_pb_section][et_pb_section fb_built=\u00bb1&#8243; admin_label=\u00bb Get a Quote\u00bb _builder_version=\u00bb4.6.6&#8243; background_color=\u00bb#ffffff\u00bb custom_padding=\u00bb|||\u00bb animation_style=\u00bbslide\u00bb animation_direction=\u00bbtop\u00bb animation_intensity_slide=\u00bb10%\u00bb box_shadow_style=\u00bbpreset3&#8243; box_shadow_vertical=\u00bb10px\u00bb box_shadow_blur=\u00bb105px\u00bb box_shadow_spread=\u00bb0px\u00bb box_shadow_color=\u00bbrgba(0,0,0,0.12)\u00bb][et_pb_row _builder_version=\u00bb4.6.6&#8243; background_color=\u00bb#ffffff\u00bb max_width=\u00bb80%\u00bb custom_margin=\u00bb|||\u00bb use_custom_width=\u00bbon\u00bb width_unit=\u00bboff\u00bb][et_pb_column type=\u00bb4_4&#8243; _builder_version=\u00bb4.6.6&#8243; background_color=\u00bb#ffffff\u00bb custom_padding=\u00bb|||\u00bb custom_padding__hover=\u00bb|||\u00bb][et_pb_toggle title=\u00bbProyectos\u00bb open_toggle_background_color=\u00bb#ffffff\u00bb closed_toggle_background_color=\u00bb#F4F4F4&#8243; disabled_on=\u00bboff|off|off\u00bb _builder_version=\u00bb4.7.7&#8243; _module_preset=\u00bbdefault\u00bb closed_title_font=\u00bbOpen Sans||||||||\u00bb background_color=\u00bb#ffffff\u00bb hover_enabled=\u00bb0&#8243; sticky_enabled=\u00bb0&#8243;]<\/p>\n<p><span style=\"font-weight: 400\">-Fabricaci\u00f3n y ensayo de cascos de fibra de carbono y matrices epoxi y poliuretano. Rodrigo Esp\u00edndola. Tutor Dr. Chiacchiarelli L.M.<\/span><\/p>\n<p><span style=\"font-weight: 400\">-Comportamiento a la fatiga de materiales compuestos de fibra de vidrio y poliuretano nanoestructurado. Alberto Belardi. Tutor Dr. Chiacchiarelli L.M.<\/span><\/p>\n<p><span style=\"font-weight: 400\">-Resin Transfer Molding Process -RTM-, fase 1. Mart\u00edn Laborda, Marcos Schiele. Tutor Dr. Chiacchiarelli L.M.<\/span><\/p>\n<p><span style=\"font-weight: 400\">-Puesta a punto de un sistema de infusi\u00f3n para la fabricaci\u00f3n de piezas en material compuesto. Gast\u00f3n Berruezo, Pablo Agust\u00edn Lobo. Tutor Dr. Chiacchiarelli L.M.<\/span><\/p>\n<p><span style=\"font-weight: 400\">-Resin Transfer Moulding fase II. Mat\u00edas L. Bi\u00f1covksi, Juan Garc\u00eda Romero, Hern\u00e1n Vilaseca. Tutor Dr. Chiacchiarelli L.M.<\/span><\/p>\n<p><span style=\"font-weight: 400\">-Filament Winding, Fase I. Vincent Garc\u00eda. Tutor Dr. Chiacchiarelli L.M.<\/span><\/p>\n<p><span style=\"font-weight: 400\">-Comportamiento a la fatiga de materiales compuestos nanoestructurados: fabricaci\u00f3n, ensayo y caracterizaci\u00f3n. Mateo Collarini, Federico Proietti. Tutor Dr. Chiacchiarelli L.M.<\/span><\/p>\n<p><span style=\"font-weight: 400\">&#8211; Dise\u00f1o y fabricaci\u00f3n de un cabezal para impresi\u00f3n 3D de materiales compuestos. La Rosa Asmondi, G. Tutor: Ing. Nicol\u00e1s Oyarzabal\u00a0<\/span><\/p>\n<p><span style=\"font-weight: 400\">&#8211; An\u00e1lisis superficial de un acero SAE 15b30 para desarrollo de nuevas tecnolog\u00edas para aumento de resistencia al desgaste de componentes estructurales Mc Cluskey. Tom\u00e1s. Tutores:\u00a0 Ing. Bruna, R; Ing. Rodr\u00edguez A.A<\/span><\/p>\n<p><span style=\"font-weight: 400\">&#8211; Desarrollo de nuevos aceros HSLA Nb-B para aplicaci\u00f3n en el sector de transporte y agroindustria. Santillan, F Tutores: Ing. Bruna, R; Ing. Rodr\u00edguez A.A<\/span><\/p>\n<p><span style=\"font-weight: 400\">&#8211; Dise\u00f1o y construcci\u00f3n de un dispositivo de ensayos mec\u00e1nicos para tejidos biol\u00f3gicos y biomateriales. Fiandrino, D. Sold\u00e1n, A. Swinnen, T. Tutores: Dra. Wray, S. Ing. Rodr\u00edguez, A. <\/span><span style=\"font-weight: 400\">\u00a0<\/span><\/p>\n<p><span style=\"font-weight: 400\">&#8211; Estudio de correlaciones entre ensayo de impacto y fractotenacidad aplicado a integridad de gasoductos\u00a0<\/span><\/p>\n<p><span style=\"font-weight: 400\">&#8211; Estudio de factibilidad para la producci\u00f3n de durmiente sint\u00e9tico con material reciclado Telecemian, A. Cardozo, J- Tutores: Ing. Oyarzabal, N. Ing. Rodr\u00edguez, A <\/span><\/p>\n<p>[\/et_pb_toggle][et_pb_toggle title=\u00bbPublicaciones\u00bb open_toggle_background_color=\u00bb#ffffff\u00bb closed_toggle_background_color=\u00bb#F4F4F4&#8243; disabled_on=\u00bboff|off|off\u00bb _builder_version=\u00bb4.7.7&#8243; _module_preset=\u00bbdefault\u00bb closed_title_font=\u00bbOpen Sans||||||||\u00bb background_color=\u00bb#ffffff\u00bb hover_enabled=\u00bb0&#8243; sticky_enabled=\u00bb0&#8243;]<\/p>\n<p><span>Chiacchiarelli, L. M., Cerrutti, P., &amp; Flores\u2010Johnson, E. A. (2020). Compressive behavior of rigid polyurethane foams nanostructured with bacterial nanocellulose at low and intermediate strain rates.\u00a0<\/span><i><span>Journal of Applied Polymer Science<\/span><\/i><span>,\u00a0<\/span><i><span>137<\/span><\/i><span>(20), 48701.<\/span><\/p>\n<p><span>Herr\u00e1n, R., Amalvy, J. I., &amp; Chiacchiarelli, L. M. (2019). Highly functional lactic acid ring\u2010opened soybean polyols applied to rigid polyurethane foams.\u00a0<\/span><i><span>Journal of Applied Polymer Science<\/span><\/i><span>,\u00a0<\/span><i><span>136<\/span><\/i><span>(37), 47959.<\/span><\/p>\n<p><span>Benavides, S., Armanasco, F., Cerrutti, P., &amp; Chiacchiarelli, L. M. (2020). Nanostructured rigid polyurethane foams with improved specific thermo-mechanical properties using Bacterial Nanocellulose as a Hard Segment.\u00a0<\/span><i><span>arXiv preprint arXiv:2007.08559<\/span><\/i><span>.<\/span><\/p>\n<p><span>Belardi, A., Oyarzabal N., Chiacchiarelli, L. M. \u201cImproved fatigue performance of nanostructured bidirectional fiberglass-polyurethane composites under uniaxial state and high deformations\u201d, revista Mat\u00e9ria, v.25, n.3, 2020.<\/span><\/p>\n<p><span>Redelico F. O., Traversaro F., Oyarzabal N., Vilaboa I., Rosso O. A., Evaluation of the status of rotary machines by time causal Information Theory quantifiers, Physica A: Statistical Mechanics and its Applications, Volume 470, 2017, Pages 321-329.<\/span><\/p>\n<p>[\/et_pb_toggle][\/et_pb_column][\/et_pb_row][\/et_pb_section]<\/p>\n","protected":false},"excerpt":{"rendered":"<p>Proyectos y Publicaciones Centro de Ingenier\u00eda en Materiales-Fabricaci\u00f3n y ensayo de cascos de fibra de carbono y matrices epoxi y poliuretano. Rodrigo Esp\u00edndola. Tutor Dr. Chiacchiarelli L.M. -Comportamiento a la fatiga de materiales compuestos de fibra de vidrio y poliuretano nanoestructurado. Alberto Belardi. Tutor Dr. Chiacchiarelli L.M. -Resin Transfer Molding Process -RTM-, fase 1. Mart\u00edn [&hellip;]<\/p>\n","protected":false},"author":7,"featured_media":0,"parent":0,"menu_order":0,"comment_status":"closed","ping_status":"closed","template":"","meta":{"_et_pb_use_builder":"on","_et_pb_old_content":"","_et_gb_content_width":"","footnotes":""},"class_list":["post-47","page","type-page","status-publish","hentry"],"_links":{"self":[{"href":"https:\/\/www.itba.edu.ar\/centros\/cemat\/wp-json\/wp\/v2\/pages\/47","targetHints":{"allow":["GET"]}}],"collection":[{"href":"https:\/\/www.itba.edu.ar\/centros\/cemat\/wp-json\/wp\/v2\/pages"}],"about":[{"href":"https:\/\/www.itba.edu.ar\/centros\/cemat\/wp-json\/wp\/v2\/types\/page"}],"author":[{"embeddable":true,"href":"https:\/\/www.itba.edu.ar\/centros\/cemat\/wp-json\/wp\/v2\/users\/7"}],"replies":[{"embeddable":true,"href":"https:\/\/www.itba.edu.ar\/centros\/cemat\/wp-json\/wp\/v2\/comments?post=47"}],"version-history":[{"count":6,"href":"https:\/\/www.itba.edu.ar\/centros\/cemat\/wp-json\/wp\/v2\/pages\/47\/revisions"}],"predecessor-version":[{"id":88,"href":"https:\/\/www.itba.edu.ar\/centros\/cemat\/wp-json\/wp\/v2\/pages\/47\/revisions\/88"}],"wp:attachment":[{"href":"https:\/\/www.itba.edu.ar\/centros\/cemat\/wp-json\/wp\/v2\/media?parent=47"}],"curies":[{"name":"wp","href":"https:\/\/api.w.org\/{rel}","templated":true}]}}