{"id":18,"date":"2020-11-25T11:28:55","date_gmt":"2020-11-25T11:28:55","guid":{"rendered":"https:\/\/www.itba.edu.ar\/centros\/cemat\/?page_id=18"},"modified":"2021-03-04T18:14:03","modified_gmt":"2021-03-04T18:14:03","slug":"el-centro","status":"publish","type":"page","link":"https:\/\/www.itba.edu.ar\/centros\/cemat\/","title":{"rendered":"El Centro"},"content":{"rendered":"<p>[et_pb_section fb_built=\u00bb1&#8243; admin_label=\u00bbHero\u00bb _builder_version=\u00bb4.7.7&#8243; use_background_color_gradient=\u00bbon\u00bb background_color_gradient_start=\u00bbrgba(40,40,40,0.79)\u00bb background_color_gradient_end=\u00bbrgba(40,40,40,0.86)\u00bb background_color_gradient_type=\u00bbradial\u00bb background_color_gradient_direction_radial=\u00bbtop left\u00bb background_color_gradient_overlays_image=\u00bbon\u00bb background_image=\u00bbhttps:\/\/centros-investigacion-nv.s3.amazonaws.com\/wp-content\/uploads\/sites\/7\/2021\/03\/20200525_141148-scaled-e1614794707326.jpg\u00bb background_blend=\u00bblighten\u00bb custom_margin=\u00bb||||false\u00bb custom_padding=\u00bb10vw||10vw||true|false\u00bb hover_enabled=\u00bb0&#8243; sticky_enabled=\u00bb0&#8243;][et_pb_row column_structure=\u00bb2_3,1_3&#8243; _builder_version=\u00bb3.25&#8243;][et_pb_column type=\u00bb2_3&#8243; _builder_version=\u00bb3.25&#8243; custom_padding=\u00bb|||\u00bb custom_padding__hover=\u00bb|||\u00bb][et_pb_text _builder_version=\u00bb4.6.6&#8243; text_font=\u00bb||||||||\u00bb header_font=\u00bbRubik|700|||||||\u00bb header_font_size=\u00bb64px\u00bb header_line_height=\u00bb1.1em\u00bb background_layout=\u00bbdark\u00bb max_width=\u00bb800px\u00bb custom_margin=\u00bb||0px|\u00bb custom_padding=\u00bb|||16px\u00bb text_font_size_tablet=\u00bb14px\u00bb text_font_size_last_edited=\u00bboff|desktop\u00bb header_font_size_tablet=\u00bb44px\u00bb header_font_size_phone=\u00bb32px\u00bb header_font_size_last_edited=\u00bbon|phone\u00bb border_color_all=\u00bb#FF0000&#8243; border_width_left=\u00bb10px\u00bb]<\/p>\n<h1>CEMAT<\/h1>\n<h2 style=\"color: #000\"><span style=\"background-color: #ff0000;background-size: auto;line-height: 1.6;color: #000000\">Centro de Ingenier\u00eda en Materiales <\/span><\/h2>\n<p><span style=\"font-size: 26px\">Departamento de Ingenier\u00eda Mec\u00e1nica<\/span><\/p>\n<p>[\/et_pb_text][\/et_pb_column][et_pb_column type=\u00bb1_3&#8243; _builder_version=\u00bb3.25&#8243; custom_padding=\u00bb|||\u00bb custom_padding__hover=\u00bb|||\u00bb][\/et_pb_column][\/et_pb_row][\/et_pb_section][et_pb_section fb_built=\u00bb1&#8243; admin_label=\u00bbAbout Us\u00bb _builder_version=\u00bb3.22&#8243; min_height=\u00bb1647px\u00bb][et_pb_row _builder_version=\u00bb4.6.6&#8243; animation_style=\u00bbflip\u00bb][et_pb_column type=\u00bb4_4&#8243; _builder_version=\u00bb3.25&#8243; custom_padding=\u00bb|||\u00bb custom_padding__hover=\u00bb|||\u00bb][et_pb_text _builder_version=\u00bb4.6.6&#8243; text_font=\u00bb||||||||\u00bb text_font_size=\u00bb15px\u00bb text_line_height=\u00bb1.8em\u00bb custom_padding=\u00bb|||\u00bb custom_padding_tablet=\u00bb|40px||40px||true\u00bb custom_padding_last_edited=\u00bboff|desktop\u00bb animation_style=\u00bbflip\u00bb]<\/p>\n<p><span style=\"font-weight: 400\">El Centro de Ingenier\u00eda en Materiales depende del Departamento de Ingenier\u00eda Mec\u00e1nica y busca alcanzar los m\u00e1s altos est\u00e1ndares de calidad para satisfacer las expectativas de los usuarios internos y externos manteniendo un eficiente y equilibrado intercambio de conocimientos y de recursos.\u00a0<\/span><\/p>\n<p><span style=\"font-weight: 400\">Su objetivo es colaborar con la generaci\u00f3n de servicios, programas de investigaci\u00f3n, y desarrollo de actividades contribuyendo a la investigaci\u00f3n de excelencia en el \u00e1rea de materiales y procesos.<\/span><\/p>\n<p>[\/et_pb_text][\/et_pb_column][\/et_pb_row][et_pb_row _builder_version=\u00bb4.6.6&#8243; animation_style=\u00bbfold\u00bb][et_pb_column type=\u00bb4_4&#8243; _builder_version=\u00bb3.25&#8243; custom_padding=\u00bb|||\u00bb custom_padding__hover=\u00bb|||\u00bb][et_pb_text _builder_version=\u00bb4.7.7&#8243; text_font=\u00bb||||||||\u00bb text_font_size=\u00bb15px\u00bb text_line_height=\u00bb1.8em\u00bb custom_padding=\u00bb|||\u00bb custom_padding_tablet=\u00bb|40px||40px||true\u00bb custom_padding_last_edited=\u00bboff|desktop\u00bb animation_style=\u00bbflip\u00bb]<\/p>\n<h3><i><span style=\"font-weight: 400\"><strong>Visi\u00f3n\u00a0<\/strong><\/span><\/i><\/h3>\n<p><i><span style=\"font-weight: 400\"><br \/> <\/span><\/i><span style=\"font-weight: 400\">Ser un referente nacional en la caracterizaci\u00f3n y desarrollo de tecnolog\u00eda de materiales contribuyendo, a su vez, a la formaci\u00f3n de competencia de los futuros profesionales en el \u00e1rea de ingenier\u00eda.<\/span><\/p>\n<p>[\/et_pb_text][et_pb_text _builder_version=\u00bb4.7.7&#8243; text_font=\u00bb||||||||\u00bb text_font_size=\u00bb15px\u00bb text_line_height=\u00bb1.8em\u00bb custom_padding=\u00bb|||\u00bb custom_padding_tablet=\u00bb|40px||40px||true\u00bb custom_padding_last_edited=\u00bboff|desktop\u00bb animation_style=\u00bbflip\u00bb]<\/p>\n<h3><i><span style=\"font-weight: 400\"><strong>Misi\u00f3n<\/strong><br \/> <\/span><\/i><\/h3>\n<p><i><span style=\"font-weight: 400\"><\/span><\/i><\/p>\n<p><span style=\"font-weight: 400\">El CeMat es un laboratorio comprometido con el desarrollo del pa\u00eds y de la regi\u00f3n el cual:<\/span><\/p>\n<p><span style=\"font-weight: 400\"><\/span><\/p>\n<ul>\n<li><span style=\"font-weight: 400\">Colabora en la formaci\u00f3n y desarrollo de profesionales en el \u00e1rea de ingenier\u00eda y nuevas tecnolog\u00edas<\/span><\/li>\n<li><span style=\"font-weight: 400\">Incorpora tecnolog\u00edas utilizadas en la caracterizaci\u00f3n de materiales para ense\u00f1ar de manera pr\u00e1ctica y actualizada los conocimientos necesarios para desenvolverse en el \u00e1rea de materiales y procesos\u00a0<\/span><\/li>\n<li><span style=\"font-weight: 400\">Brinda soluciones en el \u00e1rea de investigaci\u00f3n y desarrollo.<\/span><\/li>\n<li><span style=\"font-weight: 400\">Agrega valor al entorno industrial, asesorando en la puesta a punto y realizaci\u00f3n de ensayos de caracterizaci\u00f3n mec\u00e1nica, visual y no destructivos con t\u00e9cnicas actualizadas.<\/span><\/li>\n<li><span style=\"font-weight: 400\">Colabora en el desarrollo y puesta a punto de procesos productivos, materiales y capacitaciones a las partes interesadas.<\/span><\/li>\n<\/ul>\n<p>[\/et_pb_text][et_pb_text _builder_version=\u00bb4.7.7&#8243; text_font=\u00bb||||||||\u00bb text_font_size=\u00bb15px\u00bb text_line_height=\u00bb1.8em\u00bb custom_padding=\u00bb|||\u00bb custom_padding_tablet=\u00bb|40px||40px||true\u00bb custom_padding_last_edited=\u00bboff|desktop\u00bb animation_style=\u00bbflip\u00bb]<\/p>\n<h3><i><span style=\"font-weight: 400\"><strong>Valores<\/strong><br \/> <\/span><\/i><\/h3>\n<p><i><span style=\"font-weight: 400\"><strong><\/strong><\/span><\/i><\/p>\n<p><span style=\"font-weight: 400\">Los valores que fomenta el laboratorio CeMat se encuentran alineados con el ITBA:<\/span><\/p>\n<p><span style=\"font-weight: 400\"><\/span><\/p>\n<ul>\n<li><span style=\"font-weight: 400\">Buscamos la excelencia acad\u00e9mica en la ense\u00f1anza, investigaci\u00f3n y desarrollo tecnol\u00f3gico.<\/span><\/li>\n<li><span style=\"font-weight: 400\">Trabajamos en equipo, apoyando el desarrollo personal y profesional de los individuos, y en la integraci\u00f3n de todos los miembros de la universidad.<\/span><\/li>\n<li><span style=\"font-weight: 400\">Llevamos a cabo una gesti\u00f3n transparente y de comunicaci\u00f3n abierta.<\/span><\/li>\n<li><span style=\"font-weight: 400\">Estamos comprometidos con el desarrollo del pa\u00eds, tenemos una visi\u00f3n global y fomentamos la diversidad.\u00a0<\/span><\/li>\n<\/ul>\n<p>[\/et_pb_text][et_pb_text _builder_version=\u00bb4.7.7&#8243; text_font=\u00bb||||||||\u00bb text_font_size=\u00bb15px\u00bb text_line_height=\u00bb1.8em\u00bb custom_padding=\u00bb|||\u00bb custom_padding_tablet=\u00bb|40px||40px||true\u00bb custom_padding_last_edited=\u00bboff|desktop\u00bb animation_style=\u00bbflip\u00bb]<\/p>\n<h3><i><span style=\"font-weight: 400\"><strong>Objetivos<\/strong><br \/> <\/span><\/i><\/h3>\n<p><i><span style=\"font-weight: 400\"><strong><\/strong><\/span><\/i><\/p>\n<p><span style=\"font-weight: 400\">Generar la integraci\u00f3n entre conceptos te\u00f3ricos y comportamientos de los materiales fomentando la vinculaci\u00f3n entre los diversos departamentos del ITBA.<\/span><\/p>\n<p><span style=\"font-weight: 400\">Colaborar en la formaci\u00f3n de ingenieros de las carreras Ing. Qu\u00edmica, Ing. Industrial, Bioingenier\u00eda e Ing. Industrial <\/span>en temas con fundamentos, propiedades y comportamientos de todos los grupos de materiales.<\/p>\n<p>Ofrecer pr\u00e1cticas y actividades para los estudiantes en el uso de diversas t\u00e9cnicas:<\/p>\n<ul>\n<li><span style=\"font-weight: 400\">Microscop\u00eda \u00f3ptica y electr\u00f3nica<\/span><\/li>\n<li><span style=\"font-weight: 400\">Ensayos mec\u00e1nicos (est\u00e1ticos y din\u00e1micos)<\/span><\/li>\n<li><span style=\"font-weight: 400\">Ensayos no destructivos<\/span><\/li>\n<\/ul>\n<p>&#8211; <em>Investigaci\u00f3n y desarrollo\u00a0<\/em><\/p>\n<ul>\n<li><span style=\"font-weight: 400\">Colaborar directamente con investigadores nacionales e internacionales.<\/span><\/li>\n<li><span style=\"font-weight: 400\">Colaborar con la industria<\/span><\/li>\n<li><span style=\"font-weight: 400\">Profundizar en los usos del acero<\/span><\/li>\n<li><span style=\"font-weight: 400\">Vinculaci\u00f3n con otras instituciones<\/span><\/li>\n<\/ul>\n<p><em><span>&#8211; Ser un actor importante en:<\/span><\/em><br \/> <span style=\"font-weight: 400\"><\/span><\/p>\n<p><em><span><\/span><\/em><\/p>\n<ul>\n<li><span style=\"font-weight: 400\">La colaboraci\u00f3n de proyectos finales de carreras de base tecnol\u00f3gica como trabajos de investigaci\u00f3n<\/span><\/li>\n<li><span style=\"font-weight: 400\">La soluci\u00f3n de problemas a la industria<\/span><\/li>\n<li><span style=\"font-weight: 400\">La colaboraci\u00f3n en desarrollo de productos\u00a0<\/span><\/li>\n<\/ul>\n<p>[\/et_pb_text][\/et_pb_column][\/et_pb_row][\/et_pb_section]<\/p>\n","protected":false},"excerpt":{"rendered":"<p>CEMAT Centro de Ingenier\u00eda en Materiales Departamento de Ingenier\u00eda Mec\u00e1nicaEl Centro de Ingenier\u00eda en Materiales depende del Departamento de Ingenier\u00eda Mec\u00e1nica y busca alcanzar los m\u00e1s altos est\u00e1ndares de calidad para satisfacer las expectativas de los usuarios internos y externos manteniendo un eficiente y equilibrado intercambio de conocimientos y de recursos.\u00a0 Su objetivo es colaborar [&hellip;]<\/p>\n","protected":false},"author":7,"featured_media":0,"parent":0,"menu_order":0,"comment_status":"closed","ping_status":"closed","template":"","meta":{"_et_pb_use_builder":"on","_et_pb_old_content":"","_et_gb_content_width":"","footnotes":""},"class_list":["post-18","page","type-page","status-publish","hentry"],"_links":{"self":[{"href":"https:\/\/www.itba.edu.ar\/centros\/cemat\/wp-json\/wp\/v2\/pages\/18","targetHints":{"allow":["GET"]}}],"collection":[{"href":"https:\/\/www.itba.edu.ar\/centros\/cemat\/wp-json\/wp\/v2\/pages"}],"about":[{"href":"https:\/\/www.itba.edu.ar\/centros\/cemat\/wp-json\/wp\/v2\/types\/page"}],"author":[{"embeddable":true,"href":"https:\/\/www.itba.edu.ar\/centros\/cemat\/wp-json\/wp\/v2\/users\/7"}],"replies":[{"embeddable":true,"href":"https:\/\/www.itba.edu.ar\/centros\/cemat\/wp-json\/wp\/v2\/comments?post=18"}],"version-history":[{"count":18,"href":"https:\/\/www.itba.edu.ar\/centros\/cemat\/wp-json\/wp\/v2\/pages\/18\/revisions"}],"predecessor-version":[{"id":112,"href":"https:\/\/www.itba.edu.ar\/centros\/cemat\/wp-json\/wp\/v2\/pages\/18\/revisions\/112"}],"wp:attachment":[{"href":"https:\/\/www.itba.edu.ar\/centros\/cemat\/wp-json\/wp\/v2\/media?parent=18"}],"curies":[{"name":"wp","href":"https:\/\/api.w.org\/{rel}","templated":true}]}}