{"id":561,"date":"2026-03-18T15:01:25","date_gmt":"2026-03-18T15:01:25","guid":{"rendered":"https:\/\/www.itba.edu.ar\/centros\/cedemei\/?page_id=561"},"modified":"2026-03-18T15:03:50","modified_gmt":"2026-03-18T15:03:50","slug":"arduino-jumpstart","status":"publish","type":"page","link":"https:\/\/www.itba.edu.ar\/centros\/cedemei\/arduino-jumpstart\/","title":{"rendered":"Arduino Jumpstart"},"content":{"rendered":"<p>[et_pb_section][et_pb_row][et_pb_column type=\u00bb4_4&#8243;][et_pb_text]<\/p>\n<h2 data-section-id=\"1ijfv21\" data-start=\"121\" data-end=\"153\">\ud83d\ude80 Proyecto Arduino Jumpstart<\/h2>\n<h3 data-section-id=\"d7mqtu\" data-start=\"155\" data-end=\"209\">Acerc\u00e1 a tus estudiantes al mundo de la tecnolog\u00eda<\/h3>\n<p data-start=\"211\" data-end=\"435\">Desde el Instituto Tecnol\u00f3gico de Buenos Aires (ITBA) presentamos <strong data-start=\"277\" data-end=\"298\">Arduino Jumpstart<\/strong>, una propuesta educativa dise\u00f1ada para que chicos y chicas den sus primeros pasos en tecnolog\u00eda de forma pr\u00e1ctica, creativa y divertida.<\/p>\n<hr data-start=\"437\" data-end=\"440\" \/>\n<h2 data-section-id=\"1p0ccct\" data-start=\"442\" data-end=\"471\">\ud83c\udfaf \u00bfA qui\u00e9n est\u00e1 dirigido?<\/h2>\n<p data-start=\"473\" data-end=\"558\">El programa est\u00e1 orientado a estudiantes de <strong data-start=\"517\" data-end=\"533\">11 a 15 a\u00f1os<\/strong> interesados en explorar:<\/p>\n<ul data-start=\"560\" data-end=\"633\">\n<li data-section-id=\"fnbya2\" data-start=\"560\" data-end=\"576\">\n<p data-start=\"562\" data-end=\"576\">Programaci\u00f3n<\/p>\n<\/li>\n<li data-section-id=\"1kql94n\" data-start=\"577\" data-end=\"592\">\n<p data-start=\"579\" data-end=\"592\">Electr\u00f3nica<\/p>\n<\/li>\n<li data-section-id=\"tlwm2l\" data-start=\"593\" data-end=\"633\">\n<p data-start=\"595\" data-end=\"633\">Desarrollo de proyectos tecnol\u00f3gicos<\/p>\n<\/li>\n<\/ul>\n<hr data-start=\"635\" data-end=\"638\" \/>\n<h2 data-section-id=\"srdj2t\" data-start=\"640\" data-end=\"666\">\ud83e\udde0 \u00bfQu\u00e9 van a aprender?<\/h2>\n<p data-start=\"668\" data-end=\"755\">A trav\u00e9s de una metodolog\u00eda basada en el <strong data-start=\"709\" data-end=\"730\">aprender haciendo<\/strong>, los estudiantes podr\u00e1n:<\/p>\n<ul data-start=\"757\" data-end=\"941\">\n<li data-section-id=\"l5uw00\" data-start=\"757\" data-end=\"800\">\n<p data-start=\"759\" data-end=\"800\">Crear sus propios proyectos con Arduino<\/p>\n<\/li>\n<li data-section-id=\"gm7mnc\" data-start=\"801\" data-end=\"845\">\n<p data-start=\"803\" data-end=\"845\">Comprender conceptos clave de tecnolog\u00eda<\/p>\n<\/li>\n<li data-section-id=\"qk72j3\" data-start=\"846\" data-end=\"891\">\n<p data-start=\"848\" data-end=\"891\">Desarrollar pensamiento l\u00f3gico y creativo<\/p>\n<\/li>\n<li data-section-id=\"zlecbi\" data-start=\"892\" data-end=\"941\">\n<p data-start=\"894\" data-end=\"941\">Trabajar en equipo y resolver desaf\u00edos reales<\/p>\n<\/li>\n<\/ul>\n<hr data-start=\"943\" data-end=\"946\" \/>\n<h2 data-section-id=\"1anlq1p\" data-start=\"948\" data-end=\"976\">\ud83d\udccd Informaci\u00f3n del taller<\/h2>\n<ul data-start=\"978\" data-end=\"1094\">\n<li data-section-id=\"1f77ak6\" data-start=\"978\" data-end=\"1042\">\n<p data-start=\"980\" data-end=\"1042\"><strong data-start=\"980\" data-end=\"990\">Lugar:<\/strong> ITBA \u2013 Sede Distrito Financiero (Per\u00f3n 535, CABA)<\/p>\n<\/li>\n<li data-section-id=\"1b097pk\" data-start=\"1043\" data-end=\"1094\">\n<p data-start=\"1045\" data-end=\"1094\"><strong data-start=\"1045\" data-end=\"1065\">D\u00edas y horarios:<\/strong> S\u00e1bados de 9:30 a 11:30 hs<\/p>\n<\/li>\n<\/ul>\n<hr data-start=\"1096\" data-end=\"1099\" \/>\n<h2 data-section-id=\"14g5jfp\" data-start=\"1101\" data-end=\"1136\">\ud83d\udd17 Inscripci\u00f3n y m\u00e1s informaci\u00f3n<\/h2>\n<p data-start=\"1138\" data-end=\"1202\">Pod\u00e9s conocer m\u00e1s detalles e inscribirte en el siguiente enlace:<\/p>\n<p data-start=\"1204\" data-end=\"1278\">\ud83d\udc49 <a href=\"https:\/\/ar.programasinnovacion.itba.edu.ar\/productos\/general\/proyecto-jumpstart\/\">ar.programasinnovacion.itba.edu.ar\/productos\/general\/proyecto-jumpstart<\/a><\/p>\n<hr data-start=\"1280\" data-end=\"1283\" \/>\n<h2 data-section-id=\"1xt7n7w\" data-start=\"1285\" data-end=\"1347\">\ud83e\udd1d \u00bfQuer\u00e9s acercar esta propuesta a tu comunidad educativa?<\/h2>\n<p data-start=\"1349\" data-end=\"1461\">Si sos parte de una instituci\u00f3n educativa, te invitamos a difundir esta iniciativa entre estudiantes y familias.<\/p>\n<hr data-start=\"1463\" data-end=\"1466\" \/>\n<h2 data-section-id=\"17vnd8e\" data-start=\"1468\" data-end=\"1482\">\ud83d\udce9 Contacto<\/h2>\n<p data-start=\"1484\" data-end=\"1564\">Ante cualquier consulta, pod\u00e9s escribirnos a:<br data-start=\"1529\" data-end=\"1532\" \/>\ud83d\udce7 <a class=\"decorated-link cursor-pointer\" rel=\"noopener\" data-start=\"1535\" data-end=\"1562\">arduinojumpstar@itba.edu.ar<\/a><\/p>\n<p>[\/et_pb_text][\/et_pb_column][\/et_pb_row][\/et_pb_section]<\/p>\n","protected":false},"excerpt":{"rendered":"<p><div class=\"et_pb_section et_pb_section_0 et_section_regular\" >\n\t\t\t\t\n\t\t\t\t\n\t\t\t\t\n\t\t\t\t\n\t\t\t\t\n\t\t\t\t\n\t\t\t\t\n\t\t\t\t\n\t\t\t\t\n\t\t\t<\/div><div class=\"et_pb_row et_pb_row_0 et_pb_row_empty\">\n\t\t\t\t\n\t\t\t\t\n\t\t\t\t\n\t\t\t\t\n\t\t\t\t\n\t\t\t<\/div><div class=\"et_pb_module et_pb_text et_pb_text_0  et_pb_text_align_left et_pb_bg_layout_light\">\n\t\t\t\t\n\t\t\t\t\n\t\t\t\t\n\t\t\t\t\n\t\t\t\t\n\t\t\t<\/div> \ud83d\ude80 Proyecto Arduino Jumpstart Acerc\u00e1 a tus estudiantes al mundo de la tecnolog\u00eda Desde el Instituto Tecnol\u00f3gico de Buenos Aires (ITBA) presentamos Arduino Jumpstart, una propuesta educativa dise\u00f1ada para que chicos y chicas den sus primeros pasos en tecnolog\u00eda de forma pr\u00e1ctica, creativa y divertida. \ud83c\udfaf \u00bfA qui\u00e9n est\u00e1 dirigido? El programa est\u00e1 orientado [&hellip;]<\/p>\n","protected":false},"author":15,"featured_media":0,"parent":0,"menu_order":0,"comment_status":"closed","ping_status":"closed","template":"","meta":{"_et_pb_use_builder":"on","_et_pb_old_content":"<h2 data-section-id=\"1ijfv21\" data-start=\"121\" data-end=\"153\">\ud83d\ude80 Proyecto Arduino Jumpstart<\/h2><h3 data-section-id=\"d7mqtu\" data-start=\"155\" data-end=\"209\">Acerc\u00e1 a tus estudiantes al mundo de la tecnolog\u00eda<\/h3><p data-start=\"211\" data-end=\"435\">Desde el Instituto Tecnol\u00f3gico de Buenos Aires (ITBA) presentamos <strong data-start=\"277\" data-end=\"298\">Arduino Jumpstart<\/strong>, una propuesta educativa dise\u00f1ada para que chicos y chicas den sus primeros pasos en tecnolog\u00eda de forma pr\u00e1ctica, creativa y divertida.<\/p><hr data-start=\"437\" data-end=\"440\" \/><h2 data-section-id=\"1p0ccct\" data-start=\"442\" data-end=\"471\">\ud83c\udfaf \u00bfA qui\u00e9n est\u00e1 dirigido?<\/h2><p data-start=\"473\" data-end=\"558\">El programa est\u00e1 orientado a estudiantes de <strong data-start=\"517\" data-end=\"533\">11 a 15 a\u00f1os<\/strong> interesados en explorar:<\/p><ul data-start=\"560\" data-end=\"633\"><li data-section-id=\"fnbya2\" data-start=\"560\" data-end=\"576\"><p data-start=\"562\" data-end=\"576\">Programaci\u00f3n<\/p><\/li><li data-section-id=\"1kql94n\" data-start=\"577\" data-end=\"592\"><p data-start=\"579\" data-end=\"592\">Electr\u00f3nica<\/p><\/li><li data-section-id=\"tlwm2l\" data-start=\"593\" data-end=\"633\"><p data-start=\"595\" data-end=\"633\">Desarrollo de proyectos tecnol\u00f3gicos<\/p><\/li><\/ul><hr data-start=\"635\" data-end=\"638\" \/><h2 data-section-id=\"srdj2t\" data-start=\"640\" data-end=\"666\">\ud83e\udde0 \u00bfQu\u00e9 van a aprender?<\/h2><p data-start=\"668\" data-end=\"755\">A trav\u00e9s de una metodolog\u00eda basada en el <strong data-start=\"709\" data-end=\"730\">aprender haciendo<\/strong>, los estudiantes podr\u00e1n:<\/p><ul data-start=\"757\" data-end=\"941\"><li data-section-id=\"l5uw00\" data-start=\"757\" data-end=\"800\"><p data-start=\"759\" data-end=\"800\">Crear sus propios proyectos con Arduino<\/p><\/li><li data-section-id=\"gm7mnc\" data-start=\"801\" data-end=\"845\"><p data-start=\"803\" data-end=\"845\">Comprender conceptos clave de tecnolog\u00eda<\/p><\/li><li data-section-id=\"qk72j3\" data-start=\"846\" data-end=\"891\"><p data-start=\"848\" data-end=\"891\">Desarrollar pensamiento l\u00f3gico y creativo<\/p><\/li><li data-section-id=\"zlecbi\" data-start=\"892\" data-end=\"941\"><p data-start=\"894\" data-end=\"941\">Trabajar en equipo y resolver desaf\u00edos reales<\/p><\/li><\/ul><hr data-start=\"943\" data-end=\"946\" \/><h2 data-section-id=\"1anlq1p\" data-start=\"948\" data-end=\"976\">\ud83d\udccd Informaci\u00f3n del taller<\/h2><ul data-start=\"978\" data-end=\"1094\"><li data-section-id=\"1f77ak6\" data-start=\"978\" data-end=\"1042\"><p data-start=\"980\" data-end=\"1042\"><strong data-start=\"980\" data-end=\"990\">Lugar:<\/strong> ITBA \u2013 Sede Distrito Financiero (Per\u00f3n 535, CABA)<\/p><\/li><li data-section-id=\"1b097pk\" data-start=\"1043\" data-end=\"1094\"><p data-start=\"1045\" data-end=\"1094\"><strong data-start=\"1045\" data-end=\"1065\">D\u00edas y horarios:<\/strong> S\u00e1bados de 9:30 a 11:30 hs<\/p><\/li><\/ul><hr data-start=\"1096\" data-end=\"1099\" \/><h2 data-section-id=\"14g5jfp\" data-start=\"1101\" data-end=\"1136\">\ud83d\udd17 Inscripci\u00f3n y m\u00e1s informaci\u00f3n<\/h2><p data-start=\"1138\" data-end=\"1202\">Pod\u00e9s conocer m\u00e1s detalles e inscribirte en el siguiente enlace:<\/p><p data-start=\"1204\" data-end=\"1278\">\ud83d\udc49 <a href=\"https:\/\/ar.programasinnovacion.itba.edu.ar\/productos\/general\/proyecto-jumpstart\/\">ar.programasinnovacion.itba.edu.ar\/productos\/general\/proyecto-jumpstart<\/a><\/p><hr data-start=\"1280\" data-end=\"1283\" \/><h2 data-section-id=\"1xt7n7w\" data-start=\"1285\" data-end=\"1347\">\ud83e\udd1d \u00bfQuer\u00e9s acercar esta propuesta a tu comunidad educativa?<\/h2><p data-start=\"1349\" data-end=\"1461\">Si sos parte de una instituci\u00f3n educativa, te invitamos a difundir esta iniciativa entre estudiantes y familias.<\/p><hr data-start=\"1463\" data-end=\"1466\" \/><h2 data-section-id=\"17vnd8e\" data-start=\"1468\" data-end=\"1482\">\ud83d\udce9 Contacto<\/h2><p data-start=\"1484\" data-end=\"1564\">Ante cualquier consulta, pod\u00e9s escribirnos a:<br data-start=\"1529\" data-end=\"1532\" \/>\ud83d\udce7 <a class=\"decorated-link cursor-pointer\" rel=\"noopener\" data-start=\"1535\" data-end=\"1562\">arduinojumpstar@itba.edu.ar<\/a><\/p>","_et_gb_content_width":"","footnotes":""},"class_list":["post-561","page","type-page","status-publish","hentry"],"_links":{"self":[{"href":"https:\/\/www.itba.edu.ar\/centros\/cedemei\/wp-json\/wp\/v2\/pages\/561","targetHints":{"allow":["GET"]}}],"collection":[{"href":"https:\/\/www.itba.edu.ar\/centros\/cedemei\/wp-json\/wp\/v2\/pages"}],"about":[{"href":"https:\/\/www.itba.edu.ar\/centros\/cedemei\/wp-json\/wp\/v2\/types\/page"}],"author":[{"embeddable":true,"href":"https:\/\/www.itba.edu.ar\/centros\/cedemei\/wp-json\/wp\/v2\/users\/15"}],"replies":[{"embeddable":true,"href":"https:\/\/www.itba.edu.ar\/centros\/cedemei\/wp-json\/wp\/v2\/comments?post=561"}],"version-history":[{"count":4,"href":"https:\/\/www.itba.edu.ar\/centros\/cedemei\/wp-json\/wp\/v2\/pages\/561\/revisions"}],"predecessor-version":[{"id":566,"href":"https:\/\/www.itba.edu.ar\/centros\/cedemei\/wp-json\/wp\/v2\/pages\/561\/revisions\/566"}],"wp:attachment":[{"href":"https:\/\/www.itba.edu.ar\/centros\/cedemei\/wp-json\/wp\/v2\/media?parent=561"}],"curies":[{"name":"wp","href":"https:\/\/api.w.org\/{rel}","templated":true}]}}