{"id":360,"date":"2020-12-01T10:50:48","date_gmt":"2020-12-01T10:50:48","guid":{"rendered":"https:\/\/www.itba.edu.ar\/centros\/cedemei\/?page_id=360"},"modified":"2024-11-14T13:38:17","modified_gmt":"2024-11-14T13:38:17","slug":"talleres","status":"publish","type":"page","link":"https:\/\/www.itba.edu.ar\/centros\/cedemei\/talleres\/","title":{"rendered":"Talleres"},"content":{"rendered":"<p>[et_pb_section fb_built=\u00bb1&#8243; admin_label=\u00bbHero\u00bb _builder_version=\u00bb4.16&#8243; use_background_color_gradient=\u00bbon\u00bb background_color_gradient_type=\u00bbcircular\u00bb background_color_gradient_direction_radial=\u00bbtop left\u00bb background_color_gradient_stops=\u00bbrgba(40,40,40,0.79) 0%|rgba(40,40,40,0.86) 100%\u00bb background_color_gradient_start=\u00bbrgba(40,40,40,0.79)\u00bb background_color_gradient_end=\u00bbrgba(40,40,40,0.86)\u00bb background_image=\u00bbhttps:\/\/centros-investigacion-nv.s3.amazonaws.com\/wp-content\/uploads\/sites\/2\/2021\/04\/talleres-header-scaled.jpg\u00bb parallax=\u00bbon\u00bb max_height=\u00bb534px\u00bb custom_margin=\u00bb-50px||||false|false\u00bb custom_padding=\u00bb10vw||10vw||false|false\u00bb global_colors_info=\u00bb{}\u00bb][et_pb_row column_structure=\u00bb2_3,1_3&#8243; _builder_version=\u00bb4.16&#8243; global_colors_info=\u00bb{}\u00bb][et_pb_column type=\u00bb2_3&#8243; _builder_version=\u00bb4.16&#8243; custom_padding=\u00bb|||\u00bb global_colors_info=\u00bb{}\u00bb custom_padding__hover=\u00bb|||\u00bb][et_pb_text _builder_version=\u00bb4.16&#8243; text_font=\u00bb||||||||\u00bb header_font=\u00bbRubik|700|||||||\u00bb header_font_size=\u00bb64px\u00bb header_line_height=\u00bb1.1em\u00bb background_layout=\u00bbdark\u00bb max_width=\u00bb800px\u00bb custom_margin=\u00bb||0px|\u00bb custom_padding=\u00bb|||16px\u00bb text_font_size_tablet=\u00bb14px\u00bb text_font_size_last_edited=\u00bboff|desktop\u00bb header_font_size_tablet=\u00bb44px\u00bb header_font_size_phone=\u00bb32px\u00bb header_font_size_last_edited=\u00bbon|phone\u00bb border_color_all=\u00bb#00558D\u00bb border_width_left=\u00bb10px\u00bb global_colors_info=\u00bb{}\u00bb]<\/p>\n<h1>Talleres\u00a0<\/h1>\n<p>[\/et_pb_text][et_pb_text _builder_version=\u00bb4.16&#8243; text_font=\u00bb||||||||\u00bb text_font_size=\u00bb22px\u00bb text_line_height=\u00bb1.6em\u00bb header_font=\u00bb||||||||\u00bb background_layout=\u00bbdark\u00bb max_width=\u00bb800px\u00bb custom_margin=\u00bb|||\u00bb custom_padding=\u00bb20px||20px||true\u00bb text_font_size_tablet=\u00bb18px\u00bb text_font_size_phone=\u00bb\u00bb text_font_size_last_edited=\u00bbon|phone\u00bb global_colors_info=\u00bb{}\u00bb]<\/p>\n<p>Actividades del CEDEMEI abiertas al p\u00fablico.<\/p>\n<p>[\/et_pb_text][\/et_pb_column][et_pb_column type=\u00bb1_3&#8243; _builder_version=\u00bb4.16&#8243; custom_padding=\u00bb|||\u00bb global_colors_info=\u00bb{}\u00bb custom_padding__hover=\u00bb|||\u00bb][\/et_pb_column][\/et_pb_row][\/et_pb_section][et_pb_section fb_built=\u00bb1&#8243; admin_label=\u00bbProject Details\u00bb _builder_version=\u00bb4.16&#8243; custom_padding=\u00bb10px||10px||true|\u00bb global_colors_info=\u00bb{}\u00bb][et_pb_row column_structure=\u00bb1_3,1_3,1_3&#8243; _builder_version=\u00bb4.16&#8243; custom_padding=\u00bb13px|||||\u00bb global_colors_info=\u00bb{}\u00bb][et_pb_column type=\u00bb1_3&#8243; _builder_version=\u00bb4.16&#8243; custom_padding=\u00bb|||\u00bb global_colors_info=\u00bb{}\u00bb custom_padding__hover=\u00bb|||\u00bb][\/et_pb_column][et_pb_column type=\u00bb1_3&#8243; _builder_version=\u00bb4.16&#8243; _module_preset=\u00bbdefault\u00bb global_colors_info=\u00bb{}\u00bb][et_pb_text _builder_version=\u00bb4.16&#8243; text_font=\u00bb||||||||\u00bb text_font_size=\u00bb15px\u00bb text_line_height=\u00bb1.8em\u00bb custom_padding=\u00bb|||\u00bb custom_padding_tablet=\u00bb|40px||40px||true\u00bb custom_padding_last_edited=\u00bboff|desktop\u00bb locked=\u00bboff\u00bb global_colors_info=\u00bb{}\u00bb]<\/p>\n<h2 style=\"text-align: center\">Talleres y Charlas<\/h2>\n<p>[\/et_pb_text][\/et_pb_column][et_pb_column type=\u00bb1_3&#8243; _builder_version=\u00bb4.16&#8243; custom_padding=\u00bb|||\u00bb global_colors_info=\u00bb{}\u00bb custom_padding__hover=\u00bb|||\u00bb][et_pb_text _builder_version=\u00bb4.16&#8243; _module_preset=\u00bbdefault\u00bb global_colors_info=\u00bb{}\u00bb][\/et_pb_text][\/et_pb_column][\/et_pb_row][et_pb_row column_structure=\u00bb1_2,1_2&#8243; _builder_version=\u00bb4.16&#8243; custom_padding=\u00bb13px|||||\u00bb global_colors_info=\u00bb{}\u00bb][et_pb_column type=\u00bb1_2&#8243; _builder_version=\u00bb4.16&#8243; custom_padding=\u00bb|||\u00bb global_colors_info=\u00bb{}\u00bb custom_padding__hover=\u00bb|||\u00bb][et_pb_text _builder_version=\u00bb4.16&#8243; _module_preset=\u00bbdefault\u00bb global_colors_info=\u00bb{}\u00bb]<\/p>\n<p style=\"text-align: justify\">El avance y renovaci\u00f3n constante en las tecnolog\u00edas y en los mecanismos de interrelaci\u00f3n, generan grandes demandas de la sociedad hacia los educadores en cuanto a niveles de capacitaci\u00f3n y actualizaci\u00f3n profesional. Resulta estrat\u00e9gico para cualquier sistema educativo, trabajar activamente en la mejora de las competencias y adecuada actualizaci\u00f3n de sus docentes.<\/p>\n<p>[\/et_pb_text][\/et_pb_column][et_pb_column type=\u00bb1_2&#8243; _builder_version=\u00bb4.16&#8243; custom_padding=\u00bb|||\u00bb global_colors_info=\u00bb{}\u00bb custom_padding__hover=\u00bb|||\u00bb][et_pb_text _builder_version=\u00bb4.16&#8243; _module_preset=\u00bbdefault\u00bb global_colors_info=\u00bb{}\u00bb]<\/p>\n<p style=\"text-align: justify\">Con tal visi\u00f3n, desde el CEDEMEI se proponen actividades de actualizaci\u00f3n y perfeccionamiento para docentes universitarios, terciarios y de nivel secundario,\u00a0en las \u00e1reas de conocimiento relacionadas con las abordadas por el ITBA. Ofrecemos peri\u00f3dicamente Charlas y Talleres embebidas en la filosof\u00eda de promover y facilitar una educaci\u00f3n integral, aunando simult\u00e1neamente en el proceso de aprendizaje el\u00a0<em>\u201cAprender a Aprender\u201d, \u201cel Hacer\u201d y \u201cel Ser\u201d.<\/em><\/p>\n<p>[\/et_pb_text][et_pb_text _builder_version=\u00bb4.16&#8243; _module_preset=\u00bbdefault\u00bb global_colors_info=\u00bb{}\u00bb][\/et_pb_text][\/et_pb_column][\/et_pb_row][et_pb_row column_structure=\u00bb1_2,1_2&#8243; disabled_on=\u00bbon|on|on\u00bb _builder_version=\u00bb4.16&#8243; custom_padding=\u00bb13px|||||\u00bb disabled=\u00bbon\u00bb global_colors_info=\u00bb{}\u00bb][et_pb_column type=\u00bb1_2&#8243; _builder_version=\u00bb4.16&#8243; custom_padding=\u00bb|||\u00bb global_colors_info=\u00bb{}\u00bb custom_padding__hover=\u00bb|||\u00bb][et_pb_text _builder_version=\u00bb4.16&#8243; _module_preset=\u00bbdefault\u00bb global_colors_info=\u00bb{}\u00bb]<\/p>\n<p><span><strong><span style=\"color: #000000\">\u00abSeminario de actualizaci\u00f3n tecnol\u00f3gica 2021\u00bb<\/span><\/strong>, organizado por la OATec, un ciclo de coloquios pensado para mejorar las competencias de docentes universitarios, terciarios y de nivel secundario.<\/span><\/p>\n<p><strong>-Evento ONLINE.<\/strong><\/p>\n<div>-La actividad es gratuita y las vacantes son limitadas.<\/div>\n<div>-SE ENTREGAR\u00c1N CERTIFICADOS de participaci\u00f3n.<\/div>\n<div><strong><span>-Para acceder a m\u00e1s informaci\u00f3n sobre el \u00abSeminario\u00bb enviar mail a: oatec@itba.edu.ar<\/span><\/strong><\/div>\n<p>[\/et_pb_text][\/et_pb_column][et_pb_column type=\u00bb1_2&#8243; _builder_version=\u00bb4.16&#8243; custom_padding=\u00bb|||\u00bb global_colors_info=\u00bb{}\u00bb custom_padding__hover=\u00bb|||\u00bb][et_pb_text _builder_version=\u00bb4.16&#8243; _module_preset=\u00bbdefault\u00bb global_colors_info=\u00bb{}\u00bb][\/et_pb_text][et_pb_text _builder_version=\u00bb4.16&#8243; _module_preset=\u00bbdefault\u00bb global_colors_info=\u00bb{}\u00bb][\/et_pb_text][\/et_pb_column][\/et_pb_row][et_pb_row disabled_on=\u00bbon|on|on\u00bb _builder_version=\u00bb4.16&#8243; _module_preset=\u00bbdefault\u00bb disabled=\u00bbon\u00bb global_colors_info=\u00bb{}\u00bb][et_pb_column type=\u00bb4_4&#8243; _builder_version=\u00bb4.16&#8243; _module_preset=\u00bbdefault\u00bb global_colors_info=\u00bb{}\u00bb][et_pb_image src=\u00bbhttps:\/\/centros-investigacion-nv.s3.amazonaws.com\/wp-content\/uploads\/sites\/2\/2021\/08\/micrositio-cedemei-552&#215;1024.jpg\u00bb title_text=\u00bbmicrositio cedemei\u00bb url=\u00bbhttps:\/\/forms.gle\/HD7PnyCWEDPQAma4A\u00bb align=\u00bbcenter\u00bb _builder_version=\u00bb4.16&#8243; _module_preset=\u00bbdefault\u00bb global_colors_info=\u00bb{}\u00bb][\/et_pb_image][\/et_pb_column][\/et_pb_row][et_pb_row _builder_version=\u00bb4.16&#8243; global_colors_info=\u00bb{}\u00bb][et_pb_column type=\u00bb4_4&#8243; _builder_version=\u00bb4.16&#8243; custom_padding=\u00bb|||\u00bb global_colors_info=\u00bb{}\u00bb custom_padding__hover=\u00bb|||\u00bb][et_pb_text disabled_on=\u00bbon|on|on\u00bb _builder_version=\u00bb4.16&#8243; _module_preset=\u00bbdefault\u00bb disabled=\u00bbon\u00bb global_colors_info=\u00bb{}\u00bb]<\/p>\n<p>El avance y renovaci\u00f3n constante en las tecnolog\u00edas y en los mecanismos de interrelaci\u00f3n, generan grandes demandas de la sociedad hacia los educadores en cuanto a niveles de capacitaci\u00f3n y actualizaci\u00f3n profesional. Resulta estrat\u00e9gico para cualquier sistema educativo, trabajar activamente en la mejora de las competencias y adecuada actualizaci\u00f3n de sus docentes.<\/p>\n<p>&nbsp;<\/p>\n<p>Con tal visi\u00f3n, desde el CEDEMEI se proponen actividades de actualizaci\u00f3n y perfeccionamiento para docentes universitarios, terciarios y de nivel secundario,\u00a0en las \u00e1reas de conocimiento relacionadas con las abordadas por el ITBA. Ofrecemos peri\u00f3dicamente Charlas y Talleres embebidas en la filosof\u00eda de promover y facilitar una educaci\u00f3n integral, aunando simult\u00e1neamente en el proceso de aprendizaje el\u00a0<em>\u201cAprender a Aprender\u201d, \u201cel Hacer\u201d y \u201cel Ser\u201d.<\/em><\/p>\n<p>[\/et_pb_text][et_pb_accordion _builder_version=\u00bb4.27.0&#8243; _module_preset=\u00bbdefault\u00bb toggle_font=\u00bbAbel||||||||\u00bb toggle_text_align=\u00bbleft\u00bb toggle_font_size=\u00bb20px\u00bb hover_enabled=\u00bb0&#8243; global_colors_info=\u00bb{}\u00bb sticky_enabled=\u00bb0&#8243;][et_pb_accordion_item title=\u00bb2024&#8243; _builder_version=\u00bb4.27.0&#8243; _module_preset=\u00bbdefault\u00bb hover_enabled=\u00bb0&#8243; global_colors_info=\u00bb{}\u00bb open=\u00bbon\u00bb sticky_enabled=\u00bb0&#8243;]<\/p>\n<p><strong>Actualizaci\u00f3n Tecnol\u00f3gica 2024<\/strong><\/p>\n<p><strong>1er Coloquio: \u201cImpacto de la IA en el Agro: el caso DeepAgro\u00bb. Sede Distrito Tecnol\u00f3gico del ITBA &#8211; Aula 102T<\/strong><\/p>\n<p><strong>Disertante: Ing. Iv\u00e1n Regali<\/strong><\/p>\n<p><strong>CV:<\/strong> Soy Co-Fundador de DeepAgro, en donde nos dedicamos a revolucionar la agricultura a trav\u00e9s de Inteligencia Artificial. Como Director de Recursos Humanos, fomento una cultura organizacional que respalda esta misi\u00f3n, comprometido con el desarrollo de liderazgo y la innovaci\u00f3n en el sector AgTech. Actualmente, soy alumno de la Maestr\u00eda en Gesti\u00f3n y Direcci\u00f3n de Recursos Humanos en la Universidad de San Andr\u00e9s, una experiencia que complementa mi formaci\u00f3n en Ingenier\u00eda y ampl\u00eda mi visi\u00f3n estrat\u00e9gica para moldear una organizaci\u00f3n que sea atractiva para el mejor talento para ser l\u00edderes globales en IA aplicada al agro.<\/p>\n<p><b>Breve resumen del contenido de la charla para ponerla en contexto:<\/b><span>\u00a0Hablaremos de DeepAgro, una empresa de Inteligencia Artificial aplicada al agro, desde su inicio y c\u00f3mo surgi\u00f3 la idea, hasta el producto comercial actual, remarcando el impacto econ\u00f3mico y ambiental de aplicar IA para optimizar los recursos del agro, los desaf\u00edos actuales y futuros, y el talento necesario para lograrlo.<\/span><\/p>\n<p>\u00a0Pod\u00e9s ver el coloquio en: <a href=\"https:\/\/www.youtube.com\/watch?v=C2ZVVqQ4BFQ\">https:\/\/www.youtube.com\/watch?v=C2ZVVqQ4BFQ<\/a><\/p>\n<p>&nbsp;<\/p>\n<p>&nbsp;<\/p>\n<p><strong>\u00a0<\/strong><\/p>\n<p>&nbsp;<\/p>\n<p><strong><span>\u00a0<\/span><\/strong><\/p>\n<p>&nbsp;<\/p>\n<p>&nbsp;<\/p>\n<p>&nbsp;<\/p>\n<p>&nbsp;<\/p>\n<p>&nbsp;<\/p>\n<p>[\/et_pb_accordion_item][et_pb_accordion_item title=\u00bb2023&#8243; _builder_version=\u00bb4.23.1&#8243; _module_preset=\u00bbdefault\u00bb global_colors_info=\u00bb{}\u00bb open=\u00bbon\u00bb]<\/p>\n<p><strong>Actualizaci\u00f3n Tecnol\u00f3gica 2023<\/strong><\/p>\n<p><strong>1er Coloquio: \u201c<em>Ars\u00e9nico, un asesino qu\u00edmico al acecho<\/em>\u201d <\/strong>&#8211; Auditorio de la Sede Rectorado.<\/p>\n<p><strong>Disertante: <\/strong>Dr. Jorge Stripeikis:<\/p>\n<p>Doctor en Qu\u00edmica de la Facultad de Ciencias Exactas y Naturales, UBA. Director del Departamento de Ciencias Exactas y Naturales, exDirector del Centro de Ingenier\u00eda del medio Ambiente y Profesor Titular del ITBA.<\/p>\n<p>Su trabajo acad\u00e9mico se ha centrado en la implementaci\u00f3n de metodolog\u00edas anal\u00edticas para la cuantificaci\u00f3n de t\u00f3xicos met\u00e1licos en bajas concentraciones, uso de biomomnitores de poluci\u00f3n ambiental y desarrollo de procesos de degradaci\u00f3n de contaminantes aplicados a tratamientos de aguas. Ha publicado 38 art\u00edculos en revistas internacionales y ha realizado alrededor de 70 presentaciones en Congresos de la especialidad.<\/p>\n<p>&nbsp;<\/p>\n<p><strong>2do Coloquio: \u201c<em>Control autom\u00e1tico aplicado a la medicina y a las neurociencias<\/em>\u201d <\/strong>&#8211; Sede Distrito Tecnol\u00f3gico<strong> \u00a0\u00a0\u00a0\u00a0\u00a0<\/strong><\/p>\n<p><strong>Disertante:<\/strong> PhD. Ricardo S\u00e1nchez Pe\u00f1a:<\/p>\n<p>Ing. en Electr\u00f3nica (UBA), Master y PhD del California Institute of Technology. Es Inv. Superior CONICET (R) y dirigi\u00f3 el Depto. de Inv. y Doctorado (2009-22, ITBA). Colabor\u00f3 con NASA y las agencias espaciales de Alemania y Brasil. Profesor Titular Plenario UBA (\u201889-\u201804). Becario Ram\u00f3n y Cajal e Investigador Senior de ICREA en la UPC (2004-\u201909, Barcelona). Prof.\/Investigador visitante en universidades de EEUU y consultor para ZonaTech (EEUU), Alstom-Ecotecnia (Espa\u00f1a), STI y VENG (Argentina). Public\u00f3 6 libros en Springer, Wiley, Elsevier y nacionales y m\u00e1s de 200 trabajos en revistas y conferencias. Premiado por NASA, IEEE, KONEX, la ANI y la ANCEFN. Trabaj\u00f3 en ingenier\u00eda ac\u00fastica, mec\u00e1nica, aeroespacial, procesos y en neurobiolog\u00eda. Dirige el proyecto P\u00e1ncreas artificial en Argentina<\/p>\n<p><strong>\u00a0<\/strong><\/p>\n<p>&nbsp;<\/p>\n<p><strong><span>\u00a0<\/span><\/strong><\/p>\n<p>&nbsp;<\/p>\n<p>&nbsp;<\/p>\n<p>&nbsp;<\/p>\n<p>&nbsp;<\/p>\n<p>&nbsp;<\/p>\n<p>[\/et_pb_accordion_item][et_pb_accordion_item title=\u00bb2022&#8243; _builder_version=\u00bb4.18.0&#8243; _module_preset=\u00bbdefault\u00bb global_colors_info=\u00bb{}\u00bb open=\u00bboff\u00bb]<\/p>\n<p><strong>Actualizaci\u00f3n Tecnol\u00f3gica 2022<\/strong><\/p>\n<p><strong>1er Coloquio: \u201c<span>El Gran Libro del Agua &#8211; Latinoam\u00e9rica\u00bb<\/span><\/strong>, disertante Denise Pouleurs &#8211; 14 de octubre del 2022.<\/p>\n<p>CV: Vertical Market Manager Water Utilities Latin America, Xylem<\/p>\n<p>Ingeniera Ambiental, Global MBA y MSc Business Administration. Apasionada por<\/p>\n<p>el desaf\u00edo del agua, con una s\u00f3lida formaci\u00f3n en agua potable y tratamiento de<\/p>\n<p>aguas residuales; en el campo de la consultor\u00eda, ingenier\u00eda, construcci\u00f3n, as\u00ed<\/p>\n<p>como la gesti\u00f3n de proyectos y desarrollo de negocios.<\/p>\n<p>VIDEO: <a href=\"https:\/\/www.youtube.com\/watch?v=hN_IYvowUS0\">https:\/\/www.youtube.com\/watch?v=hN_IYvowUS0<\/a><\/p>\n<p>Descargar libro en <a href=\"https:\/\/info.xyleminc.com\/lar-es-el-gran-libro-del-agua.html\">https:\/\/info.xyleminc.com\/lar-es-el-gran-libro-del-agua.html<\/a><\/p>\n<p>&nbsp;<\/p>\n<p>&nbsp;<\/p>\n<p>&nbsp;<\/p>\n<p>&nbsp;<\/p>\n<p>&nbsp;<\/p>\n<p>[\/et_pb_accordion_item][et_pb_accordion_item title=\u00bb2021&#8243; open=\u00bboff\u00bb _builder_version=\u00bb4.24.0&#8243; _module_preset=\u00bbdefault\u00bb global_colors_info=\u00bb{}\u00bb]<\/p>\n<p><strong>SEMINARIO DE ACTUALICACI\u00d3N TECNOL\u00d3GICA 2021<\/strong><\/p>\n<p><strong>1er Coloquio: \u201c<span>El agua: \u00bfun recurso inagotable o escaso? \u00bfSab\u00edas los secretos que tiene para mostrarnos esta maravillosa mol\u00e9cula?\u00bb<\/span><\/strong>, disertante <span>Doctor en Ciencias Qu\u00edmicas Jorge Stripeikis. Director de la carrera de Ingenier\u00eda Qu\u00edmica del ITBA. Especializado en qu\u00edmica anal\u00edtica ambiental.<\/span><\/p>\n<p>VIDEO: <a href=\"https:\/\/www.youtube.com\/watch?v=_AMhpdVFESQ&amp;feature=youtu.be\">https:\/\/www.youtube.com\/watch?v=_AMhpdVFESQ&amp;feature=youtu.be<\/a><\/p>\n<p><strong>2do Coloquio: \u201c<span>Ley de Etiquetado, informaci\u00f3n nutricional en alimentos\u201d <\/span><\/strong>disertantes Susana Fattori y Mar\u00eda Claudia Degrossi, Lic. en Ciencias Qu\u00edmicas y Dra. en Ciencias Qu\u00edmicas, respectivamente. Profesoras adjuntas en el ITBA. Especializadas en el \u00e1rea de alimentos: normativa nacional e internacional, procesos microbianos, buenas pr\u00e1cticas de manufactura, gesti\u00f3n de calidad, cultura de inocuidad, asesoramiento a emprendedores, herramientas de coaching y divulgaci\u00f3n cient\u00edfica.<\/p>\n<p>VIDEO: <a href=\"https:\/\/www.youtube.com\/watch?v=L9ycpjVhwS0\">https:\/\/www.youtube.com\/watch?v=L9ycpjVhwS0<\/a><\/p>\n<p><strong>3er Coloquio: \u201c<span>\u201cLas nuevas tecnolog\u00edas de comunicaci\u00f3n, ventajas, oportunidades y amenazas\u201d<\/span><\/strong>, disertante <span>Claudio Mu\u00f1oz, Ing. Electr\u00f3nico con Maestr\u00eda en Negocios. Titular del Dto. de Electr\u00f3nica del ITBA. Especializado en sistemas de radiocomunicaciones, compatibilidad electromagn\u00e9tica, radiaciones no ionizantes y sus posibles efectos sobre la salud.<\/span><\/p>\n<p>VIDEO: <a href=\"https:\/\/www.youtube.com\/watch?v=jWLYixKanIo\">https:\/\/www.youtube.com\/watch?v=jWLYixKanIo<\/a><\/p>\n<p>&nbsp;<\/p>\n<p>&nbsp;<\/p>\n<p>[\/et_pb_accordion_item][et_pb_accordion_item title=\u00bb2019&#8243; _builder_version=\u00bb4.16&#8243; _module_preset=\u00bbdefault\u00bb global_colors_info=\u00bb{}\u00bb open=\u00bboff\u00bb]<\/p>\n<p><strong>Charla: \u201cMetales t\u00f3xicos en Alimentos\u201d<\/strong>, disertante Dr. Jorge Stripeikis &#8211; Dir. Dpto. Ing. Qu\u00edmica \u2013 ITBA.<\/p>\n<p><strong>Charla: \u201cAlimentos: composici\u00f3n qu\u00edmica, estados de dispersi\u00f3n y propiedades\u201d<\/strong>, disertante Dra. Daniela Igart\u00faa &#8211; Doctora en Ciencia y Tecnolog\u00eda de la Universidad Nacional de Quilmes.<\/p>\n<p><strong>Charla: \u201cQu\u00edmica Gourmet: sentidos y sabores\u201d<\/strong>, disertante Dra. Valeria Edelsztein investigadora de CONICET y docente en el ITBA.<\/p>\n<p><strong>Charla: \u201cBreve historia de la preservaci\u00f3n de alimentos\u201d<\/strong>, disertante Lic. Mar\u00eda de los \u00c1ngeles Rey Becaria doctoral en el Instituto de Tecnolog\u00eda de Alimentos &#8211; INTA Castelar. Docente del departamento de Qu\u00edmica de ITBA<\/p>\n<p>[\/et_pb_accordion_item][et_pb_accordion_item title=\u00bb2018&#8243; _builder_version=\u00bb4.16&#8243; _module_preset=\u00bbdefault\u00bb global_colors_info=\u00bb{}\u00bb open=\u00bboff\u00bb]<\/p>\n<p><span><strong>Charla: \u201c\u00bfQu\u00e9 es Mecatr\u00f3nica?\u201d<\/strong>, disertante M. Sc. Ing. <\/span>Norberto Lerendegui\u00a0 &#8211; Decano Escuela de Ingenier\u00eda del ITBA.<\/p>\n<p><strong>Taller: \u201cRobotito: experiencia de ense\u00f1anza en rob\u00f3tica para ni\u00f1as y ni\u00f1os\u201d<\/strong>, disertante Mag. Ing. Claudio Mu\u00f1oz &#8211; Dto. Electr\u00f3nica, ITBA.<\/p>\n<p><strong>Charla: \u201cIntroducci\u00f3n a la rob\u00f3tica m\u00f3vil\u201d<\/strong>, disertante Mag. Ing. Claudio Mu\u00f1oz &#8211; Dto. Electr\u00f3nica, ITBA.<\/p>\n<p><strong>Taller \u201cReanimaci\u00f3n Cardiopulmonar (RCP): C\u00f3mo se hace?\u201d \u201cPrimeros Auxilios: \u00bfC\u00f3mo darlos?\u201d<\/strong> disertante, Lic. Giuliana Esp\u00f3sito &#8211; Resp. Laboratorio de Bioingenieria \u2013 ITBA &#8211; Entrenadora RCP.<\/p>\n<p>[\/et_pb_accordion_item][et_pb_accordion_item title=\u00bb2017&#8243; _builder_version=\u00bb4.16&#8243; _module_preset=\u00bbdefault\u00bb global_colors_info=\u00bb{}\u00bb open=\u00bboff\u00bb]<\/p>\n<p><strong>Conferencia Especial: \u201cPancreas Artificial\u201d<\/strong>, disertante Dr. Ricardo S\u00e1nchez Pe\u00f1a &#8211; Dir. Dpto. Investigaci\u00f3n \u2013ITBA.<\/p>\n<p><strong>Taller: \u201cArs\u00e9nico conviviendo con el enemigo\u201d<\/strong>, disertante Dr. Jorge Stripeikis,\u00a0Dir. Dpto. Ing. Qu\u00edmica \u2013 ITBA.<\/p>\n<p><strong>Taller \u201cReanimaci\u00f3n Cardiopulmonar (RCP): C\u00f3mo se hace?\u201d \u201cPrimeros Auxilios: \u00bfC\u00f3mo darlos?\u201d<\/strong> disertante, Lic. Giuliana Esp\u00f3sito &#8211; Resp. Laboratorio de Bioingenieria \u2013 ITBA &#8211; Entrenadora RCP.<\/p>\n<p><strong>Taller \u201cConstrucci\u00f3n de Dispositivos M\u00e9dicos con plaquetas ARDUINO\u201d<\/strong>, disertante Mat\u00edas Petrel y Daniel Jacoby \u2013 Dpto. de Electr\u00f3nica \u2013 ITBA.<\/p>\n<p>[\/et_pb_accordion_item][et_pb_accordion_item title=\u00bb2016&#8243; _builder_version=\u00bb4.16&#8243; _module_preset=\u00bbdefault\u00bb global_colors_info=\u00bb{}\u00bb open=\u00bboff\u00bb]<\/p>\n<p><strong>Charla: \u201cLas redes sociales y sus aplicaciones en la era del \u201cBig Data\u201d<\/strong>, disertante Dr. Andr\u00e9s Medus &#8211; Dto. F\u00edsica \u2013 ITBA.<\/p>\n<p><strong>Taller: \u201cRadiaciones No Ionizantes: \u00bfun problema para la salud?\u201d<\/strong>, disertante Mag. Ing. Claudio Mu\u00f1oz &#8211; Dir. CAERCEM \u2013 ITBA.<\/p>\n<p><strong>Taller \u201cTras la huella de Carbono\u201d<\/strong>, disertante Dra. Teresa Mancini &#8211; Coordinadora &#8211; Diplomatura. Tecnol. y Derecho Aplicado en Procesos Ambientales.<\/p>\n<p><strong>Taller de Debate y Reflexi\u00f3n: \u201cEl agua: \u00bfUna fuente inagotable o un recurso escaso?\u201d<\/strong>, disertante Dr. Jorge Stripeikis &#8211; Dir. Dpto. Ing. Qu\u00edmica \u2013 ITBA.<\/p>\n<p><strong>Taller: \u201cWorld Climate Exercise \u2013 Ejercicio de Cambio Clim\u00e1tico\u201d<\/strong>, disertantes Ing. Eduardo Fracassi e Ing. Fabi\u00e1n Szulanski \u2013 ITBA.<\/p>\n<p><strong>Conferencia Especial: \u201cEl Desaf\u00edo del Cambio Clim\u00e1tico y el Medio Ambiente en el Siglo XXI\u201d<\/strong>, disertante Dr. Mario Nu\u00f1ez, Prof. Em\u00e9rito UBA &#8211; Investigador Superior del CONICET.<\/p>\n<p>[\/et_pb_accordion_item][et_pb_accordion_item title=\u00bb2015&#8243; _builder_version=\u00bb4.16&#8243; _module_preset=\u00bbdefault\u00bb global_colors_info=\u00bb{}\u00bb open=\u00bboff\u00bb]<\/p>\n<p><strong>Taller de Electr\u00f3nica<\/strong> \u2013 Foco en Energ\u00eda \u2013 Parte 1-2-3-4, disertantes Ings. Juan Matus y Mat\u00edas Pretel \u2013 Dto. Electr\u00f3nica ITBA.<\/p>\n<p><strong>Charla de Energ\u00eda<\/strong> \u2013 Clase Especial, disertante Dra. Cecilia Smoglie. Dir. de la Maestr\u00eda ITBA-KIT en Energ\u00eda y Ambiente.<\/p>\n<p>[\/et_pb_accordion_item][\/et_pb_accordion][et_pb_text _builder_version=\u00bb4.16&#8243; text_font=\u00bb||||||||\u00bb text_font_size=\u00bb15px\u00bb text_line_height=\u00bb1.8em\u00bb custom_padding=\u00bb|||\u00bb custom_padding_tablet=\u00bb|40px||40px||true\u00bb custom_padding_last_edited=\u00bboff|desktop\u00bb locked=\u00bboff\u00bb global_colors_info=\u00bb{}\u00bb][\/et_pb_text][et_pb_code _builder_version=\u00bb4.16&#8243; _module_preset=\u00bbdefault\u00bb global_colors_info=\u00bb{}\u00bb][\/et_pb_code][\/et_pb_column][\/et_pb_row][\/et_pb_section]<\/p>\n","protected":false},"excerpt":{"rendered":"<p>Talleres\u00a0Actividades del CEDEMEI abiertas al p\u00fablico.Talleres y CharlasEl avance y renovaci\u00f3n constante en las tecnolog\u00edas y en los mecanismos de interrelaci\u00f3n, generan grandes demandas de la sociedad hacia los educadores en cuanto a niveles de capacitaci\u00f3n y actualizaci\u00f3n profesional. Resulta estrat\u00e9gico para cualquier sistema educativo, trabajar activamente en la mejora de las competencias y adecuada [&hellip;]<\/p>\n","protected":false},"author":7,"featured_media":0,"parent":0,"menu_order":0,"comment_status":"closed","ping_status":"closed","template":"","meta":{"_et_pb_use_builder":"on","_et_pb_old_content":"","_et_gb_content_width":"","footnotes":""},"class_list":["post-360","page","type-page","status-publish","hentry"],"_links":{"self":[{"href":"https:\/\/www.itba.edu.ar\/centros\/cedemei\/wp-json\/wp\/v2\/pages\/360","targetHints":{"allow":["GET"]}}],"collection":[{"href":"https:\/\/www.itba.edu.ar\/centros\/cedemei\/wp-json\/wp\/v2\/pages"}],"about":[{"href":"https:\/\/www.itba.edu.ar\/centros\/cedemei\/wp-json\/wp\/v2\/types\/page"}],"author":[{"embeddable":true,"href":"https:\/\/www.itba.edu.ar\/centros\/cedemei\/wp-json\/wp\/v2\/users\/7"}],"replies":[{"embeddable":true,"href":"https:\/\/www.itba.edu.ar\/centros\/cedemei\/wp-json\/wp\/v2\/comments?post=360"}],"version-history":[{"count":30,"href":"https:\/\/www.itba.edu.ar\/centros\/cedemei\/wp-json\/wp\/v2\/pages\/360\/revisions"}],"predecessor-version":[{"id":534,"href":"https:\/\/www.itba.edu.ar\/centros\/cedemei\/wp-json\/wp\/v2\/pages\/360\/revisions\/534"}],"wp:attachment":[{"href":"https:\/\/www.itba.edu.ar\/centros\/cedemei\/wp-json\/wp\/v2\/media?parent=360"}],"curies":[{"name":"wp","href":"https:\/\/api.w.org\/{rel}","templated":true}]}}