{"id":232,"date":"2020-11-05T12:29:31","date_gmt":"2020-11-05T12:29:31","guid":{"rendered":"https:\/\/www.itba.edu.ar\/centros\/cedemei\/?page_id=232"},"modified":"2026-03-19T14:52:26","modified_gmt":"2026-03-19T14:52:26","slug":"oatec","status":"publish","type":"page","link":"https:\/\/www.itba.edu.ar\/centros\/cedemei\/oatec\/","title":{"rendered":"Oatec"},"content":{"rendered":"<p>[et_pb_section fb_built=\u00bb1&#8243; admin_label=\u00bbHero\u00bb _builder_version=\u00bb4.16&#8243; use_background_color_gradient=\u00bbon\u00bb background_color_gradient_type=\u00bbcircular\u00bb background_color_gradient_direction_radial=\u00bbtop left\u00bb background_color_gradient_stops=\u00bbrgba(40,40,40,0.79) 0%|rgba(40,40,40,0.86) 100%\u00bb background_color_gradient_start=\u00bbrgba(40,40,40,0.79)\u00bb background_color_gradient_end=\u00bbrgba(40,40,40,0.86)\u00bb background_image=\u00bbhttps:\/\/centros-investigacion-nv.s3.amazonaws.com\/wp-content\/uploads\/sites\/2\/2020\/11\/oatec-slider2.jpg\u00bb parallax=\u00bbon\u00bb max_height=\u00bb400px\u00bb custom_margin=\u00bb-50px||||false|false\u00bb custom_padding=\u00bb10vw||10vw||true|false\u00bb global_colors_info=\u00bb{}\u00bb][et_pb_row column_structure=\u00bb2_3,1_3&#8243; _builder_version=\u00bb4.16&#8243; global_colors_info=\u00bb{}\u00bb][et_pb_column type=\u00bb2_3&#8243; _builder_version=\u00bb4.16&#8243; custom_padding=\u00bb|||\u00bb global_colors_info=\u00bb{}\u00bb custom_padding__hover=\u00bb|||\u00bb][et_pb_text _builder_version=\u00bb4.16&#8243; text_font=\u00bb||||||||\u00bb header_font=\u00bbRubik|700|||||||\u00bb header_font_size=\u00bb64px\u00bb header_line_height=\u00bb1.1em\u00bb background_layout=\u00bbdark\u00bb max_width=\u00bb800px\u00bb custom_margin=\u00bb||0px|\u00bb custom_padding=\u00bb|||16px\u00bb text_font_size_tablet=\u00bb14px\u00bb text_font_size_last_edited=\u00bboff|desktop\u00bb header_font_size_tablet=\u00bb44px\u00bb header_font_size_phone=\u00bb32px\u00bb header_font_size_last_edited=\u00bbon|phone\u00bb border_color_all=\u00bb#00558D\u00bb border_width_left=\u00bb10px\u00bb global_colors_info=\u00bb{}\u00bb]<\/p>\n<h1>OATec<\/h1>\n<p>[\/et_pb_text][et_pb_text _builder_version=\u00bb4.22.1&#8243; text_font=\u00bb||||||||\u00bb text_font_size=\u00bb22px\u00bb text_line_height=\u00bb1.6em\u00bb header_font=\u00bb||||||||\u00bb background_layout=\u00bbdark\u00bb max_width=\u00bb800px\u00bb custom_margin=\u00bb|||\u00bb custom_padding=\u00bb20px||20px||true\u00bb text_font_size_tablet=\u00bb18px\u00bb text_font_size_phone=\u00bb\u00bb text_font_size_last_edited=\u00bbon|phone\u00bb global_colors_info=\u00bb{}\u00bb]<\/p>\n<p>Competencia Argentina de Tecnolog\u00eda<\/p>\n<p>[\/et_pb_text][\/et_pb_column][et_pb_column type=\u00bb1_3&#8243; _builder_version=\u00bb4.16&#8243; custom_padding=\u00bb|||\u00bb global_colors_info=\u00bb{}\u00bb custom_padding__hover=\u00bb|||\u00bb][\/et_pb_column][\/et_pb_row][\/et_pb_section][et_pb_section fb_built=\u00bb1&#8243; admin_label=\u00bbProject Details\u00bb _builder_version=\u00bb4.16&#8243; min_height=\u00bb1653px\u00bb custom_padding=\u00bb10px||10px||true|\u00bb global_colors_info=\u00bb{}\u00bb][et_pb_row column_structure=\u00bb1_2,1_2&#8243; _builder_version=\u00bb4.16&#8243; global_colors_info=\u00bb{}\u00bb][et_pb_column type=\u00bb1_2&#8243; _builder_version=\u00bb4.16&#8243; _module_preset=\u00bbdefault\u00bb global_colors_info=\u00bb{}\u00bb][et_pb_image src=\u00bbhttps:\/\/centros-investigacion-nv.s3.amazonaws.com\/wp-content\/uploads\/sites\/2\/2020\/11\/logo-oatec.jpg\u00bb title_text=\u00bblogo-oatec\u00bb _builder_version=\u00bb4.16&#8243; _module_preset=\u00bbdefault\u00bb width=\u00bb22%\u00bb global_colors_info=\u00bb{}\u00bb][\/et_pb_image][et_pb_divider color=\u00bb#00558D\u00bb divider_position=\u00bbcenter\u00bb divider_weight=\u00bb5px\u00bb _builder_version=\u00bb4.16&#8243; max_width=\u00bb50px\u00bb locked=\u00bboff\u00bb global_colors_info=\u00bb{}\u00bb][\/et_pb_divider][et_pb_text _builder_version=\u00bb4.16&#8243; text_font=\u00bb||||||||\u00bb text_font_size=\u00bb15px\u00bb text_line_height=\u00bb1.8em\u00bb custom_padding=\u00bb|||\u00bb custom_padding_tablet=\u00bb|40px||40px||true\u00bb custom_padding_last_edited=\u00bboff|desktop\u00bb locked=\u00bboff\u00bb global_colors_info=\u00bb{}\u00bb]<\/p>\n<p>La OATec se lleva a cabo anualmente y convoca a alumnos regulares de hasta 19 a\u00f1os de escuelas secundarias estatales y privadas de todo el pa\u00eds.<\/p>\n<p>El tema sobre el cual versan las pruebas de la competencia es establecido por comit\u00e9 organizador cada a\u00f1o.<\/p>\n<p>Para acceder a m\u00e1s informaci\u00f3n sobre la competencia y\u00a0 conocer las proximas fechas de incripci\u00f3n acced\u00e9 a su <a href=\"https:\/\/www.oatec.org.ar\/\">sitio<\/a>.<\/p>\n<p>[\/et_pb_text][\/et_pb_column][et_pb_column type=\u00bb1_2&#8243; _builder_version=\u00bb4.16&#8243; _module_preset=\u00bbdefault\u00bb global_colors_info=\u00bb{}\u00bb][et_pb_video src=\u00bbhttps:\/\/www.youtube.com\/watch?v=t6yAEOx95jg&amp;t=1s\u00bb disabled_on=\u00bboff|off|off\u00bb _builder_version=\u00bb4.25.1&#8243; _module_preset=\u00bbdefault\u00bb min_height=\u00bb291px\u00bb custom_margin=\u00bb40px||-10px||false|false\u00bb custom_padding=\u00bb||36px|||\u00bb global_colors_info=\u00bb{}\u00bb][\/et_pb_video][\/et_pb_column][\/et_pb_row][et_pb_row _builder_version=\u00bb4.16&#8243; global_colors_info=\u00bb{}\u00bb][et_pb_column type=\u00bb4_4&#8243; _builder_version=\u00bb4.16&#8243; custom_padding=\u00bb|||\u00bb global_colors_info=\u00bb{}\u00bb custom_padding__hover=\u00bb|||\u00bb][et_pb_image src=\u00bbhttps:\/\/centros-investigacion-nv.s3.amazonaws.com\/wp-content\/uploads\/sites\/2\/2023\/05\/Oatec-2022-411-scaled.jpg\u00bb title_text=\u00bboatec-1&#8243; force_fullwidth=\u00bbon\u00bb align_tablet=\u00bbcenter\u00bb align_phone=\u00bb\u00bb align_last_edited=\u00bbon|desktop\u00bb _builder_version=\u00bb4.21.0&#8243; global_colors_info=\u00bb{}\u00bb][\/et_pb_image][\/et_pb_column][\/et_pb_row][et_pb_row column_structure=\u00bb1_2,1_2&#8243; _builder_version=\u00bb4.16&#8243; global_colors_info=\u00bb{}\u00bb][et_pb_column type=\u00bb1_2&#8243; _builder_version=\u00bb4.16&#8243; _module_preset=\u00bbdefault\u00bb global_colors_info=\u00bb{}\u00bb][et_pb_image src=\u00bbhttps:\/\/centros-investigacion-nv.s3.amazonaws.com\/wp-content\/uploads\/sites\/2\/2020\/11\/oatec-2.jpg\u00bb title_text=\u00bboatec-2&#8243; force_fullwidth=\u00bbon\u00bb align_tablet=\u00bbcenter\u00bb align_phone=\u00bb\u00bb align_last_edited=\u00bbon|desktop\u00bb _builder_version=\u00bb4.16&#8243; custom_margin=\u00bb70px||||false|false\u00bb locked=\u00bboff\u00bb global_colors_info=\u00bb{}\u00bb][\/et_pb_image][\/et_pb_column][et_pb_column type=\u00bb1_2&#8243; _builder_version=\u00bb4.16&#8243; custom_padding=\u00bb|||\u00bb global_colors_info=\u00bb{}\u00bb custom_padding__hover=\u00bb|||\u00bb][et_pb_text _builder_version=\u00bb4.16&#8243; text_font=\u00bb||||||||\u00bb text_font_size=\u00bb15px\u00bb text_line_height=\u00bb1.8em\u00bb custom_padding=\u00bb|||\u00bb custom_padding_tablet=\u00bb|40px||40px||true\u00bb custom_padding_last_edited=\u00bboff|desktop\u00bb locked=\u00bboff\u00bb global_colors_info=\u00bb{}\u00bb]<\/p>\n<p><strong>Sus objetivos fundamentales son:<\/strong><\/p>\n<p>[\/et_pb_text][et_pb_blurb use_icon=\u00bbon\u00bb font_icon=\u00bb&#x4e;||divi||400&#8243; icon_color=\u00bb#00558D\u00bb icon_placement=\u00bbleft\u00bb image_icon_width=\u00bb32px\u00bb content_max_width=\u00bb1100px\u00bb content_max_width_tablet=\u00bb1100px\u00bb content_max_width_last_edited=\u00bboff|desktop\u00bb _builder_version=\u00bb4.16&#8243; header_font=\u00bbRubik|700|||||||\u00bb header_line_height=\u00bb1.4em\u00bb body_font=\u00bb||||||||\u00bb body_text_color=\u00bb#000000&#8243; body_font_size=\u00bb15px\u00bb body_line_height=\u00bb1.8em\u00bb custom_margin=\u00bb|||\u00bb custom_padding=\u00bb|||\u00bb animation_style=\u00bbslide\u00bb animation_direction=\u00bbright\u00bb animation_intensity_slide=\u00bb10%\u00bb animation=\u00bboff\u00bb icon_font_size=\u00bb32px\u00bb locked=\u00bboff\u00bb global_colors_info=\u00bb{}\u00bb]<\/p>\n<p>Despertar vocaciones cient\u00edfico-tecnol\u00f3gicas en los j\u00f3venes.<\/p>\n<p>[\/et_pb_blurb][et_pb_blurb use_icon=\u00bbon\u00bb font_icon=\u00bb&#x4e;||divi||400&#8243; icon_color=\u00bb#00558D\u00bb icon_placement=\u00bbleft\u00bb image_icon_width=\u00bb32px\u00bb content_max_width=\u00bb1100px\u00bb content_max_width_tablet=\u00bb1100px\u00bb content_max_width_last_edited=\u00bboff|desktop\u00bb _builder_version=\u00bb4.16&#8243; header_font=\u00bbRubik|700|||||||\u00bb header_line_height=\u00bb1.4em\u00bb body_font=\u00bb||||||||\u00bb body_text_color=\u00bb#000000&#8243; body_font_size=\u00bb15px\u00bb body_line_height=\u00bb1.8em\u00bb custom_margin=\u00bb|||\u00bb custom_padding=\u00bb|||\u00bb animation_style=\u00bbslide\u00bb animation_direction=\u00bbright\u00bb animation_intensity_slide=\u00bb10%\u00bb animation=\u00bboff\u00bb icon_font_size=\u00bb32px\u00bb locked=\u00bboff\u00bb global_colors_info=\u00bb{}\u00bb]<\/p>\n<p>Contribuir a que los alumnos empleen el m\u00e9todo cient\u00edfico, desarrollen habilidades tecnol\u00f3gicas, de abstracci\u00f3n y reflexi\u00f3n cr\u00edtica, como as\u00ed tambi\u00e9n capacidades para transmitir e intercambiar informaci\u00f3n.<\/p>\n<p>[\/et_pb_blurb][et_pb_blurb use_icon=\u00bbon\u00bb font_icon=\u00bb&#x4e;||divi||400&#8243; icon_color=\u00bb#00558D\u00bb icon_placement=\u00bbleft\u00bb image_icon_width=\u00bb32px\u00bb content_max_width=\u00bb1100px\u00bb content_max_width_tablet=\u00bb1100px\u00bb content_max_width_last_edited=\u00bboff|desktop\u00bb _builder_version=\u00bb4.16&#8243; header_font=\u00bbRubik|700|||||||\u00bb header_line_height=\u00bb1.4em\u00bb body_font=\u00bb||||||||\u00bb body_text_color=\u00bb#000000&#8243; body_font_size=\u00bb15px\u00bb body_line_height=\u00bb1.8em\u00bb custom_margin=\u00bb|||\u00bb custom_padding=\u00bb|||\u00bb animation_style=\u00bbslide\u00bb animation_direction=\u00bbright\u00bb animation_intensity_slide=\u00bb10%\u00bb animation=\u00bboff\u00bb icon_font_size=\u00bb32px\u00bb locked=\u00bboff\u00bb global_colors_info=\u00bb{}\u00bb]<\/p>\n<p>Contribuir a la actualizaci\u00f3n de los docentes de nivel secundario.<\/p>\n<p>[\/et_pb_blurb][et_pb_blurb use_icon=\u00bbon\u00bb font_icon=\u00bb&#x4e;||divi||400&#8243; icon_color=\u00bb#00558D\u00bb icon_placement=\u00bbleft\u00bb image_icon_width=\u00bb32px\u00bb content_max_width=\u00bb1100px\u00bb content_max_width_tablet=\u00bb1100px\u00bb content_max_width_last_edited=\u00bboff|desktop\u00bb _builder_version=\u00bb4.16&#8243; header_font=\u00bbRubik|700|||||||\u00bb header_line_height=\u00bb1.4em\u00bb body_font=\u00bb||||||||\u00bb body_text_color=\u00bb#000000&#8243; body_font_size=\u00bb15px\u00bb body_line_height=\u00bb1.8em\u00bb custom_margin=\u00bb|||\u00bb custom_padding=\u00bb|||\u00bb animation_style=\u00bbslide\u00bb animation_direction=\u00bbright\u00bb animation_intensity_slide=\u00bb10%\u00bb animation=\u00bboff\u00bb icon_font_size=\u00bb32px\u00bb locked=\u00bboff\u00bb global_colors_info=\u00bb{}\u00bb]<\/p>\n<p>Incentivar el intercambio de experiencias entre educadores y educandos de diferentes regiones de nuestro pa\u00eds, mejorando y fortaleciendo el v\u00ednculo entre los mismos.<\/p>\n<p>[\/et_pb_blurb][et_pb_text _builder_version=\u00bb4.16&#8243; text_font=\u00bb||||||||\u00bb text_font_size=\u00bb15px\u00bb text_line_height=\u00bb1.8em\u00bb custom_padding=\u00bb|||\u00bb custom_padding_tablet=\u00bb|40px||40px||true\u00bb custom_padding_last_edited=\u00bboff|desktop\u00bb locked=\u00bboff\u00bb global_colors_info=\u00bb{}\u00bb][\/et_pb_text][\/et_pb_column][\/et_pb_row][et_pb_row _builder_version=\u00bb4.16&#8243; _module_preset=\u00bbdefault\u00bb global_colors_info=\u00bb{}\u00bb][et_pb_column type=\u00bb4_4&#8243; _builder_version=\u00bb4.16&#8243; _module_preset=\u00bbdefault\u00bb global_colors_info=\u00bb{}\u00bb][et_pb_text _builder_version=\u00bb4.22.1&#8243; _module_preset=\u00bbdefault\u00bb text_font_size=\u00bb15px\u00bb text_line_height=\u00bb1.8em\u00bb custom_margin=\u00bb-70px||40px||false|false\u00bb global_colors_info=\u00bb{}\u00bb]<\/p>\n<p>Mediante un proceso de doble evaluaci\u00f3n (un primer examen on line a nivel nacional en el cual se seleccionan 15 finalistas, y una segunda instancia presencial que se desarrolla durante dos d\u00edas en el ITBA, ocasi\u00f3n en la cual se le presentan diversos desaf\u00edos a dichos finalistas), se determinan los tres ganadores de cada Competencia.<\/p>\n<p>[\/et_pb_text][\/et_pb_column][\/et_pb_row][et_pb_row _builder_version=\u00bb4.16&#8243; global_colors_info=\u00bb{}\u00bb][et_pb_column type=\u00bb4_4&#8243; _builder_version=\u00bb4.16&#8243; _module_preset=\u00bbdefault\u00bb global_colors_info=\u00bb{}\u00bb][et_pb_text _builder_version=\u00bb4.19.0&#8243; text_font=\u00bb||||||||\u00bb text_font_size=\u00bb15px\u00bb text_line_height=\u00bb1.8em\u00bb custom_padding=\u00bb|||\u00bb custom_padding_tablet=\u00bb|40px||40px||true\u00bb custom_padding_last_edited=\u00bboff|desktop\u00bb locked=\u00bboff\u00bb global_colors_info=\u00bb{}\u00bb]<\/p>\n<h4 style=\"text-align: center\"><strong>\u00bfC\u00f3mo se desarrolla la competencia?<\/strong><\/h4>\n<p>[\/et_pb_text][et_pb_text _builder_version=\u00bb4.27.6&#8243; text_font=\u00bb||||||||\u00bb text_font_size=\u00bb15px\u00bb text_line_height=\u00bb1.8em\u00bb custom_padding=\u00bb|||\u00bb custom_padding_tablet=\u00bb|40px||40px||true\u00bb custom_padding_last_edited=\u00bboff|desktop\u00bb hover_enabled=\u00bb0&#8243; locked=\u00bboff\u00bb global_colors_info=\u00bb{}\u00bb sticky_enabled=\u00bb0&#8243;]<\/p>\n<p><strong>1er y 2da instancia &#8211; Examen Online<\/strong><\/p>\n<ul>\n<li>Examen com\u00fan a nivel nacional en los Colegios registrados.<\/li>\n<li>Multiple Choice (ejercicios para resover en un tiempo determinado).<\/li>\n<li>Online y sincr\u00f3nico (via Internet).<\/li>\n<\/ul>\n<p><strong>3er instancia &#8211; Evaluaci\u00f3n Presencial en el ITBA<\/strong><strong><\/strong><\/p>\n<ul>\n<li>Traslado al ITBA de los ganadores, con sus tutores.<\/li>\n<li>Final Nacional durante dos d\u00edas.<\/li>\n<li>Resolver desaf\u00edos tecnol\u00f3gicos varios propuestos por el jurado.<\/li>\n<\/ul>\n<p>[\/et_pb_text][\/et_pb_column][\/et_pb_row][\/et_pb_section]<\/p>\n","protected":false},"excerpt":{"rendered":"<p>OATecCompetencia Argentina de Tecnolog\u00edaLa OATec se lleva a cabo anualmente y convoca a alumnos regulares de hasta 19 a\u00f1os de escuelas secundarias estatales y privadas de todo el pa\u00eds. El tema sobre el cual versan las pruebas de la competencia es establecido por comit\u00e9 organizador cada a\u00f1o. Para acceder a m\u00e1s informaci\u00f3n sobre la competencia [&hellip;]<\/p>\n","protected":false},"author":7,"featured_media":0,"parent":0,"menu_order":0,"comment_status":"closed","ping_status":"closed","template":"","meta":{"_et_pb_use_builder":"on","_et_pb_old_content":"[et_pb_section fb_built=\"1\" admin_label=\"Hero\" _builder_version=\"4.16\" use_background_color_gradient=\"on\" background_color_gradient_type=\"circular\" background_color_gradient_direction_radial=\"top left\" background_color_gradient_stops=\"rgba(40,40,40,0.79) 0%|rgba(40,40,40,0.86) 100%\" background_color_gradient_start=\"rgba(40,40,40,0.79)\" background_color_gradient_end=\"rgba(40,40,40,0.86)\" background_image=\"https:\/\/www.itba.edu.ar\/centros\/cedemei\/wp-content\/uploads\/sites\/2\/2020\/11\/oatec-slider2.jpg\" parallax=\"on\" max_height=\"400px\" custom_margin=\"-50px||||false|false\" custom_padding=\"10vw||10vw||true|false\" global_colors_info=\"{}\"][et_pb_row column_structure=\"2_3,1_3\" _builder_version=\"4.16\" global_colors_info=\"{}\"][et_pb_column type=\"2_3\" _builder_version=\"4.16\" custom_padding=\"|||\" global_colors_info=\"{}\" custom_padding__hover=\"|||\"][et_pb_text _builder_version=\"4.16\" text_font=\"||||||||\" header_font=\"Rubik|700|||||||\" header_font_size=\"64px\" header_line_height=\"1.1em\" background_layout=\"dark\" max_width=\"800px\" custom_margin=\"||0px|\" custom_padding=\"|||16px\" text_font_size_tablet=\"14px\" text_font_size_last_edited=\"off|desktop\" header_font_size_tablet=\"44px\" header_font_size_phone=\"32px\" header_font_size_last_edited=\"on|phone\" border_color_all=\"#00558D\" border_width_left=\"10px\" global_colors_info=\"{}\"]<h1>OATec<\/h1>[\/et_pb_text][et_pb_text _builder_version=\"4.16\" text_font=\"||||||||\" text_font_size=\"22px\" text_line_height=\"1.6em\" header_font=\"||||||||\" background_layout=\"dark\" max_width=\"800px\" custom_margin=\"|||\" custom_padding=\"20px||20px||true\" text_font_size_tablet=\"18px\" text_font_size_phone=\"\" text_font_size_last_edited=\"on|phone\" global_colors_info=\"{}\"]<p>Olimp\u00edada Argentina de Tecnolog\u00eda<\/p>[\/et_pb_text][\/et_pb_column][et_pb_column type=\"1_3\" _builder_version=\"4.16\" custom_padding=\"|||\" global_colors_info=\"{}\" custom_padding__hover=\"|||\"][\/et_pb_column][\/et_pb_row][\/et_pb_section][et_pb_section fb_built=\"1\" admin_label=\"Project Details\" _builder_version=\"4.16\" min_height=\"1653px\" custom_padding=\"10px||10px||true|\" global_colors_info=\"{}\"][et_pb_row column_structure=\"1_2,1_2\" _builder_version=\"4.16\" global_colors_info=\"{}\"][et_pb_column type=\"1_2\" _builder_version=\"4.16\" _module_preset=\"default\" global_colors_info=\"{}\"][et_pb_image src=\"https:\/\/www.itba.edu.ar\/centros\/cedemei\/wp-content\/uploads\/sites\/2\/2020\/11\/logo-oatec.jpg\" title_text=\"logo-oatec\" _builder_version=\"4.16\" _module_preset=\"default\" width=\"22%\" global_colors_info=\"{}\"][\/et_pb_image][et_pb_divider color=\"#00558D\" divider_position=\"center\" divider_weight=\"5px\" _builder_version=\"4.16\" max_width=\"50px\" locked=\"off\" global_colors_info=\"{}\"][\/et_pb_divider][et_pb_text _builder_version=\"4.16\" text_font=\"||||||||\" text_font_size=\"15px\" text_line_height=\"1.8em\" custom_padding=\"|||\" custom_padding_tablet=\"|40px||40px||true\" custom_padding_last_edited=\"off|desktop\" locked=\"off\" global_colors_info=\"{}\"]<p>La OATec se lleva a cabo anualmente y convoca a alumnos regulares de hasta 19 a\u00f1os de escuelas secundarias estatales y privadas de todo el pa\u00eds.<\/p>\n<p>El tema sobre el cual versan las pruebas de la competencia es establecido por comit\u00e9 organizador cada a\u00f1o.<\/p>\n<p>Para acceder a m\u00e1s informaci\u00f3n sobre la competencia y\u00a0 conocer las proximas fechas de incripci\u00f3n acced\u00e9 a su <a href=\"https:\/\/www.oatec.org.ar\/\">sitio<\/a>.<\/p>[\/et_pb_text][\/et_pb_column][et_pb_column type=\"1_2\" _builder_version=\"4.16\" _module_preset=\"default\" global_colors_info=\"{}\"][et_pb_video src=\"https:\/\/www.youtube.com\/watch?v=GhjdGFN-L24\" _builder_version=\"4.19.0\" _module_preset=\"default\" min_height=\"291px\" custom_margin=\"40px||-10px||false|false\" custom_padding=\"||36px|||\" hover_enabled=\"0\" global_colors_info=\"{}\" sticky_enabled=\"0\"][\/et_pb_video][\/et_pb_column][\/et_pb_row][et_pb_row _builder_version=\"4.16\" global_colors_info=\"{}\"][et_pb_column type=\"4_4\" _builder_version=\"4.16\" custom_padding=\"|||\" global_colors_info=\"{}\" custom_padding__hover=\"|||\"][et_pb_image src=\"https:\/\/www.itba.edu.ar\/centros\/cedemei\/wp-content\/uploads\/sites\/2\/2020\/11\/oatec-1.jpg\" title_text=\"oatec-1\" force_fullwidth=\"on\" align_tablet=\"center\" align_phone=\"\" align_last_edited=\"on|desktop\" _builder_version=\"4.16\" global_colors_info=\"{}\"][\/et_pb_image][\/et_pb_column][\/et_pb_row][et_pb_row column_structure=\"1_2,1_2\" _builder_version=\"4.16\" global_colors_info=\"{}\"][et_pb_column type=\"1_2\" _builder_version=\"4.16\" _module_preset=\"default\" global_colors_info=\"{}\"][et_pb_image src=\"https:\/\/www.itba.edu.ar\/centros\/cedemei\/wp-content\/uploads\/sites\/2\/2020\/11\/oatec-2.jpg\" title_text=\"oatec-2\" force_fullwidth=\"on\" align_tablet=\"center\" align_phone=\"\" align_last_edited=\"on|desktop\" _builder_version=\"4.16\" custom_margin=\"70px||||false|false\" locked=\"off\" global_colors_info=\"{}\"][\/et_pb_image][\/et_pb_column][et_pb_column type=\"1_2\" _builder_version=\"4.16\" custom_padding=\"|||\" global_colors_info=\"{}\" custom_padding__hover=\"|||\"][et_pb_text _builder_version=\"4.16\" text_font=\"||||||||\" text_font_size=\"15px\" text_line_height=\"1.8em\" custom_padding=\"|||\" custom_padding_tablet=\"|40px||40px||true\" custom_padding_last_edited=\"off|desktop\" locked=\"off\" global_colors_info=\"{}\"]<p><strong>Sus objetivos fundamentales son:<\/strong><\/p>[\/et_pb_text][et_pb_blurb use_icon=\"on\" font_icon=\"&#x4e;||divi||400\" icon_color=\"#00558D\" icon_placement=\"left\" image_icon_width=\"32px\" content_max_width=\"1100px\" content_max_width_tablet=\"1100px\" content_max_width_last_edited=\"off|desktop\" _builder_version=\"4.16\" header_font=\"Rubik|700|||||||\" header_line_height=\"1.4em\" body_font=\"||||||||\" body_text_color=\"#000000\" body_font_size=\"15px\" body_line_height=\"1.8em\" custom_margin=\"|||\" custom_padding=\"|||\" animation_style=\"slide\" animation_direction=\"right\" animation_intensity_slide=\"10%\" animation=\"off\" icon_font_size=\"32px\" locked=\"off\" global_colors_info=\"{}\"]<p>Despertar vocaciones cient\u00edfico-tecnol\u00f3gicas en los j\u00f3venes.<\/p>[\/et_pb_blurb][et_pb_blurb use_icon=\"on\" font_icon=\"&#x4e;||divi||400\" icon_color=\"#00558D\" icon_placement=\"left\" image_icon_width=\"32px\" content_max_width=\"1100px\" content_max_width_tablet=\"1100px\" content_max_width_last_edited=\"off|desktop\" _builder_version=\"4.16\" header_font=\"Rubik|700|||||||\" header_line_height=\"1.4em\" body_font=\"||||||||\" body_text_color=\"#000000\" body_font_size=\"15px\" body_line_height=\"1.8em\" custom_margin=\"|||\" custom_padding=\"|||\" animation_style=\"slide\" animation_direction=\"right\" animation_intensity_slide=\"10%\" animation=\"off\" icon_font_size=\"32px\" locked=\"off\" global_colors_info=\"{}\"]<p>Contribuir a que los alumnos empleen el m\u00e9todo cient\u00edfico, desarrollen habilidades tecnol\u00f3gicas, de abstracci\u00f3n y reflexi\u00f3n cr\u00edtica, como as\u00ed tambi\u00e9n capacidades para transmitir e intercambiar informaci\u00f3n.<\/p>[\/et_pb_blurb][et_pb_blurb use_icon=\"on\" font_icon=\"&#x4e;||divi||400\" icon_color=\"#00558D\" icon_placement=\"left\" image_icon_width=\"32px\" content_max_width=\"1100px\" content_max_width_tablet=\"1100px\" content_max_width_last_edited=\"off|desktop\" _builder_version=\"4.16\" header_font=\"Rubik|700|||||||\" header_line_height=\"1.4em\" body_font=\"||||||||\" body_text_color=\"#000000\" body_font_size=\"15px\" body_line_height=\"1.8em\" custom_margin=\"|||\" custom_padding=\"|||\" animation_style=\"slide\" animation_direction=\"right\" animation_intensity_slide=\"10%\" animation=\"off\" icon_font_size=\"32px\" locked=\"off\" global_colors_info=\"{}\"]<p>Contribuir a la actualizaci\u00f3n de los docentes de nivel secundario.<\/p>[\/et_pb_blurb][et_pb_blurb use_icon=\"on\" font_icon=\"&#x4e;||divi||400\" icon_color=\"#00558D\" icon_placement=\"left\" image_icon_width=\"32px\" content_max_width=\"1100px\" content_max_width_tablet=\"1100px\" content_max_width_last_edited=\"off|desktop\" _builder_version=\"4.16\" header_font=\"Rubik|700|||||||\" header_line_height=\"1.4em\" body_font=\"||||||||\" body_text_color=\"#000000\" body_font_size=\"15px\" body_line_height=\"1.8em\" custom_margin=\"|||\" custom_padding=\"|||\" animation_style=\"slide\" animation_direction=\"right\" animation_intensity_slide=\"10%\" animation=\"off\" icon_font_size=\"32px\" locked=\"off\" global_colors_info=\"{}\"]<p>Incentivar el intercambio de experiencias entre educadores y educandos de diferentes regiones de nuestro pa\u00eds, mejorando y fortaleciendo el v\u00ednculo entre los mismos.<\/p>[\/et_pb_blurb][et_pb_text _builder_version=\"4.16\" text_font=\"||||||||\" text_font_size=\"15px\" text_line_height=\"1.8em\" custom_padding=\"|||\" custom_padding_tablet=\"|40px||40px||true\" custom_padding_last_edited=\"off|desktop\" locked=\"off\" global_colors_info=\"{}\"][\/et_pb_text][\/et_pb_column][\/et_pb_row][et_pb_row _builder_version=\"4.16\" _module_preset=\"default\" global_colors_info=\"{}\"][et_pb_column type=\"4_4\" _builder_version=\"4.16\" _module_preset=\"default\" global_colors_info=\"{}\"][et_pb_text _builder_version=\"4.16\" _module_preset=\"default\" text_font_size=\"15px\" text_line_height=\"1.8em\" custom_margin=\"-70px||40px||false|false\" global_colors_info=\"{}\"]<p>Mediante un proceso de doble evaluaci\u00f3n (un primer examen on line a nivel nacional en el cual se seleccionan 15 finalistas, y una segunda instancia presencial que se desarrolla durante dos d\u00edas en el ITBA, ocasi\u00f3n en la cual se le presentan diversos desaf\u00edos a dichos finalistas), se determinan los tres ganadores de cada Olimp\u00edada.<\/p>[\/et_pb_text][\/et_pb_column][\/et_pb_row][et_pb_row _builder_version=\"4.16\" global_colors_info=\"{}\"][et_pb_column type=\"4_4\" _builder_version=\"4.16\" _module_preset=\"default\" global_colors_info=\"{}\"][et_pb_text _builder_version=\"4.19.0\" text_font=\"||||||||\" text_font_size=\"15px\" text_line_height=\"1.8em\" custom_padding=\"|||\" custom_padding_tablet=\"|40px||40px||true\" custom_padding_last_edited=\"off|desktop\" hover_enabled=\"0\" locked=\"off\" global_colors_info=\"{}\" sticky_enabled=\"0\"]<h4 style=\"text-align: center\"><strong>\u00bfC\u00f3mo se desarrolla la competencia?<\/strong><\/h4>[\/et_pb_text][et_pb_text _builder_version=\"4.19.0\" text_font=\"||||||||\" text_font_size=\"15px\" text_line_height=\"1.8em\" custom_padding=\"|||\" custom_padding_tablet=\"|40px||40px||true\" custom_padding_last_edited=\"off|desktop\" hover_enabled=\"0\" locked=\"off\" global_colors_info=\"{}\" sticky_enabled=\"0\"]<h4>Primera Instancia -\u00a0Examen Online en cada Colegio<\/h4>\n<ul>\n<li>Examen com\u00fan a nivel nacional en los Colegios registrados.<\/li>\n<li>Multiple Choice (45 preguntas en 45 minutos).<\/li>\n<li>Online y sincr\u00f3nico (via Internet).<\/li>\n<\/ul>\n<h3><\/h3>\n<h4>Segunda Instancia -\u00a0Evaluaci\u00f3n Presencial en el ITBA<\/h4>\n<ul>\n<li>Traslado al ITBA de los ganadores, con sus tutores.<\/li>\n<li>Final Nacional durante dos d\u00edas.<\/li>\n<li>Resolver desaf\u00edos tecnol\u00f3gicos varios.<\/li>\n<\/ul>[\/et_pb_text][\/et_pb_column][\/et_pb_row][\/et_pb_section]","_et_gb_content_width":"","footnotes":""},"class_list":["post-232","page","type-page","status-publish","hentry"],"_links":{"self":[{"href":"https:\/\/www.itba.edu.ar\/centros\/cedemei\/wp-json\/wp\/v2\/pages\/232","targetHints":{"allow":["GET"]}}],"collection":[{"href":"https:\/\/www.itba.edu.ar\/centros\/cedemei\/wp-json\/wp\/v2\/pages"}],"about":[{"href":"https:\/\/www.itba.edu.ar\/centros\/cedemei\/wp-json\/wp\/v2\/types\/page"}],"author":[{"embeddable":true,"href":"https:\/\/www.itba.edu.ar\/centros\/cedemei\/wp-json\/wp\/v2\/users\/7"}],"replies":[{"embeddable":true,"href":"https:\/\/www.itba.edu.ar\/centros\/cedemei\/wp-json\/wp\/v2\/comments?post=232"}],"version-history":[{"count":30,"href":"https:\/\/www.itba.edu.ar\/centros\/cedemei\/wp-json\/wp\/v2\/pages\/232\/revisions"}],"predecessor-version":[{"id":569,"href":"https:\/\/www.itba.edu.ar\/centros\/cedemei\/wp-json\/wp\/v2\/pages\/232\/revisions\/569"}],"wp:attachment":[{"href":"https:\/\/www.itba.edu.ar\/centros\/cedemei\/wp-json\/wp\/v2\/media?parent=232"}],"curies":[{"name":"wp","href":"https:\/\/api.w.org\/{rel}","templated":true}]}}