{"id":89,"date":"2020-11-19T19:28:49","date_gmt":"2020-11-19T19:28:49","guid":{"rendered":"https:\/\/www.itba.edu.ar\/centros\/cdo\/?page_id=89"},"modified":"2026-01-22T15:43:04","modified_gmt":"2026-01-22T15:43:04","slug":"el-centro","status":"publish","type":"page","link":"https:\/\/www.itba.edu.ar\/centros\/cdo\/","title":{"rendered":"El Centro"},"content":{"rendered":"<p>[et_pb_section fb_built=\u00bb1&#8243; admin_label=\u00bbHero\u00bb _builder_version=\u00bb4.16&#8243; use_background_color_gradient=\u00bbon\u00bb background_color_gradient_type=\u00bbcircular\u00bb background_color_gradient_direction_radial=\u00bbtop left\u00bb background_color_gradient_stops=\u00bbrgba(40,40,40,0.79) 0%|rgba(40,40,40,0.86) 100%\u00bb background_color_gradient_start=\u00bbrgba(40,40,40,0.79)\u00bb background_color_gradient_end=\u00bbrgba(40,40,40,0.86)\u00bb background_image=\u00bbhttps:\/\/centros-investigacion-nv.s3.amazonaws.com\/wp-content\/uploads\/sites\/3\/2020\/11\/cdo-header-incio.jpg\u00bb parallax=\u00bbon\u00bb custom_margin=\u00bb||||false\u00bb custom_padding=\u00bb10vw||10vw||true|false\u00bb global_colors_info=\u00bb{}\u00bb][et_pb_row column_structure=\u00bb2_3,1_3&#8243; _builder_version=\u00bb4.16&#8243; global_colors_info=\u00bb{}\u00bb][et_pb_column type=\u00bb2_3&#8243; _builder_version=\u00bb4.16&#8243; custom_padding=\u00bb|||\u00bb global_colors_info=\u00bb{}\u00bb custom_padding__hover=\u00bb|||\u00bb][et_pb_text _builder_version=\u00bb4.19.0&#8243; _dynamic_attributes=\u00bblink_option_url\u00bb text_font=\u00bb||||||||\u00bb header_font=\u00bbRubik|700|||||||\u00bb header_font_size=\u00bb64px\u00bb header_line_height=\u00bb1.1em\u00bb background_layout=\u00bbdark\u00bb max_width=\u00bb800px\u00bb custom_margin=\u00bb||0px|\u00bb custom_padding=\u00bb|||16px\u00bb link_option_url=\u00bb@ET-DC@eyJkeW5hbWljIjp0cnVlLCJjb250ZW50IjoicG9zdF9saW5rX3VybF9wb3N0Iiwic2V0dGluZ3MiOnsicG9zdF9pZCI6IjEifX0=@\u00bb text_font_size_tablet=\u00bb14px\u00bb text_font_size_last_edited=\u00bboff|desktop\u00bb header_font_size_tablet=\u00bb44px\u00bb header_font_size_phone=\u00bb32px\u00bb header_font_size_last_edited=\u00bbon|phone\u00bb border_color_all=\u00bb#034EA2&#8243; border_width_left=\u00bb10px\u00bb global_colors_info=\u00bb{}\u00bb]<\/p>\n<h1>CDO<\/h1>\n<p><span style=\"font-size: 26px\">Centro de Optoelectr\u00f3nica<\/span><\/p>\n<p><span style=\"font-size: 26px\">Departamento de F\u00edsica<\/span><\/p>\n<p>[\/et_pb_text][\/et_pb_column][et_pb_column type=\u00bb1_3&#8243; _builder_version=\u00bb4.16&#8243; custom_padding=\u00bb|||\u00bb global_colors_info=\u00bb{}\u00bb custom_padding__hover=\u00bb|||\u00bb][\/et_pb_column][\/et_pb_row][\/et_pb_section][et_pb_section fb_built=\u00bb1&#8243; admin_label=\u00bbAbout Us\u00bb _builder_version=\u00bb4.16&#8243; custom_padding=\u00bb||3px|||\u00bb global_colors_info=\u00bb{}\u00bb][et_pb_row _builder_version=\u00bb4.16&#8243; min_height=\u00bb461px\u00bb global_colors_info=\u00bb{}\u00bb][et_pb_column type=\u00bb4_4&#8243; _builder_version=\u00bb4.16&#8243; custom_padding=\u00bb|||\u00bb global_colors_info=\u00bb{}\u00bb custom_padding__hover=\u00bb|||\u00bb][et_pb_text _builder_version=\u00bb4.19.0&#8243; text_font=\u00bb||||||||\u00bb text_font_size=\u00bb15px\u00bb text_letter_spacing=\u00bb1px\u00bb text_line_height=\u00bb2.1em\u00bb min_height=\u00bb212px\u00bb custom_padding=\u00bb||0px|||\u00bb custom_padding_tablet=\u00bb|40px||40px||true\u00bb custom_padding_last_edited=\u00bboff|desktop\u00bb animation_style=\u00bbfold\u00bb inline_fonts=\u00bbAlbert Sans,Aclonica\u00bb global_colors_info=\u00bb{}\u00bb]<\/p>\n<p style=\"text-align: justify\"><span style=\"font-family: 'Albert Sans'\">El Centro de Optoelectr\u00f3nica se enfoca en la investigaci\u00f3n en telecomunicaciones y \u00f3ptica no-lineal. Dicha investigaci\u00f3n se ve acompa\u00f1ada por la formaci\u00f3n de recursos humanos, incluyendo alumnos de grado, maestr\u00eda y doctorado. A la investigaci\u00f3n y la formaci\u00f3n se suma la interacci\u00f3n con empresas en proyectos espec\u00edficos.<\/span><\/p>\n<p style=\"text-align: justify\"><span style=\"font-family: 'Albert Sans'\">El centro se inici\u00f3 en 2004 y desde ese entonces se han producido 3 tesis doctorales, 8 de maestr\u00eda, 2 de especializaci\u00f3n y 3 tesis o trabajos finales de carrera.<\/span><\/p>\n<p style=\"text-align: justify\"><span style=\"font-family: 'Albert Sans';font-weight: normal\">En los \u00faltimos a\u00f1os hemos trabajado en los siguientes campos:<\/span><\/p>\n<ul>\n<li style=\"padding-left: 30px\"><span style=\"font-family: 'Albert Sans';font-weight: normal\">Comunicaciones \u00f3pticas: Simulaciones en capa f\u00edsica de efectos lineales y no lineales en sistemas de comunicaci\u00f3n, subsistemas y componentes. Amplificaci\u00f3n param\u00e9trica y sistemas de conversi\u00f3n de frecuencia. Seguridad en capa f\u00edsica para sistemas de comunicaci\u00f3n en medio compartido.<\/span><\/li>\n<li style=\"padding-left: 30px;text-align: justify\"><span style=\"font-family: 'Albert Sans';font-weight: normal\">Comunicaciones inal\u00e1mbricas: Posicionamiento en interiores. Redes LAN inal\u00e1mbricas.<\/span><\/li>\n<li style=\"padding-left: 30px\"><span style=\"font-family: 'Albert Sans';font-weight: normal\">Modelado de ruido en sistemas no lineales: Almacenamiento, transmisi\u00f3n y procesamiento de informaci\u00f3n en sistemas ruidosos.<\/span><\/li>\n<\/ul>\n<p><strong><\/strong><\/p>\n<hr \/>\n<p>&nbsp;<\/p>\n<h2><\/h2>\n<ul><\/ul>\n<p>[\/et_pb_text][et_pb_button button_url=\u00bbhttps:\/\/www.itba.edu.ar\/centros\/cdo\/laboratorio-de-optoelectronica\/\u00bb url_new_window=\u00bbon\u00bb button_text=\u00bbAcced\u00e9 al Grupo de Optoelectr\u00f3nica\u00bb _builder_version=\u00bb4.19.0&#8243; _module_preset=\u00bbdefault\u00bb custom_button=\u00bbon\u00bb button_text_size=\u00bb15px\u00bb button_text_color=\u00bb#ffffff\u00bb button_bg_color=\u00bb#00548b\u00bb button_border_width=\u00bb0px\u00bb button_border_radius=\u00bb2px\u00bb button_icon=\u00bb&#x24;||divi||400&#8243; button_icon_color=\u00bb#ffffff\u00bb global_colors_info=\u00bb{}\u00bb][\/et_pb_button][\/et_pb_column][\/et_pb_row][\/et_pb_section]<\/p>\n","protected":false},"excerpt":{"rendered":"<p>CDO Centro de Optoelectr\u00f3nica Departamento de F\u00edsicaEl Centro de Optoelectr\u00f3nica se enfoca en la investigaci\u00f3n en telecomunicaciones y \u00f3ptica no-lineal. Dicha investigaci\u00f3n se ve acompa\u00f1ada por la formaci\u00f3n de recursos humanos, incluyendo alumnos de grado, maestr\u00eda y doctorado. A la investigaci\u00f3n y la formaci\u00f3n se suma la interacci\u00f3n con empresas en proyectos espec\u00edficos. El centro [&hellip;]<\/p>\n","protected":false},"author":7,"featured_media":0,"parent":0,"menu_order":0,"comment_status":"closed","ping_status":"closed","template":"","meta":{"_et_pb_use_builder":"on","_et_pb_old_content":"","_et_gb_content_width":"","footnotes":""},"class_list":["post-89","page","type-page","status-publish","hentry"],"_links":{"self":[{"href":"https:\/\/www.itba.edu.ar\/centros\/cdo\/wp-json\/wp\/v2\/pages\/89","targetHints":{"allow":["GET"]}}],"collection":[{"href":"https:\/\/www.itba.edu.ar\/centros\/cdo\/wp-json\/wp\/v2\/pages"}],"about":[{"href":"https:\/\/www.itba.edu.ar\/centros\/cdo\/wp-json\/wp\/v2\/types\/page"}],"author":[{"embeddable":true,"href":"https:\/\/www.itba.edu.ar\/centros\/cdo\/wp-json\/wp\/v2\/users\/7"}],"replies":[{"embeddable":true,"href":"https:\/\/www.itba.edu.ar\/centros\/cdo\/wp-json\/wp\/v2\/comments?post=89"}],"version-history":[{"count":14,"href":"https:\/\/www.itba.edu.ar\/centros\/cdo\/wp-json\/wp\/v2\/pages\/89\/revisions"}],"predecessor-version":[{"id":269,"href":"https:\/\/www.itba.edu.ar\/centros\/cdo\/wp-json\/wp\/v2\/pages\/89\/revisions\/269"}],"wp:attachment":[{"href":"https:\/\/www.itba.edu.ar\/centros\/cdo\/wp-json\/wp\/v2\/media?parent=89"}],"curies":[{"name":"wp","href":"https:\/\/api.w.org\/{rel}","templated":true}]}}