{"id":16,"date":"2018-04-20T17:41:16","date_gmt":"2018-04-20T17:41:16","guid":{"rendered":"https:\/\/www.itba.edu.ar\/intranet\/optoelectronica\/?page_id=16"},"modified":"2025-09-10T14:46:46","modified_gmt":"2025-09-10T14:46:46","slug":"estudiantes","status":"publish","type":"page","link":"https:\/\/www.itba.edu.ar\/centros\/cdo\/laboratorio-de-optoelectronica\/estudiantes\/","title":{"rendered":"Students"},"content":{"rendered":"<p><strong>Current students<\/strong><\/p>\n<ol>\n<li>Here can be your name&#8230;<\/li>\n<\/ol>\n<p><strong>Former students<\/strong><\/p>\n<p><span style=\"text-decoration: underline\">PhD<\/span><\/p>\n<ol>\n<li><a href=\"https:\/\/scholar.google.com\/citations?user=ae3MLzoAAAAJ&amp;hl=en&amp;oi=ao\">Juan Pablo Grisales Campe\u00f3n<\/a>, <em>\u00abSistemas de posicionamiento en interiores.\u00bb\u00a0<\/em>Doctorado en Ingenier\u00eda\u2013 ITBA. Defensa: 23\/05\/2023. Director: Pablo I. Fierens.<\/li>\n<li><a href=\"https:\/\/scholar.google.com\/citations?hl=en&amp;user=afxY6gYAAAAJ&amp;view_op=list_works&amp;sortby=pubdate\">Alfredo D. S\u00e1nchez<\/a>,\u00a0<em>\u00abTemas de \u00f3ptica no lineal en mid-IR.\u00bb<\/em> Doctorado en Ciencias de la Ingenier\u00eda &#8211; Instituto Balseiro, UNCUYO. Defensa: Junio 2019. Directores: Diego F. Grosz, Pablo I. Fierens.<\/li>\n<li><a href=\"https:\/\/www.researchgate.net\/profile\/German_Patterson\">Germ\u00e1n A. Patterson<\/a>, <em>\u201cEstudio de la din\u00e1mica de los sistemas memristivos. Efecto del ruido y la temperatura en el fen\u00f3meno de la conmutaci\u00f3n resistiva.\u201d<\/em> Doctorado en F\u00edsica \u2013 FCEN, UBA. Defensa: 22\/12\/2014. Directores: Pablo I. Fierens, Diego F. Grosz.<\/li>\n<li>Santiago Agust\u00edn Ib\u00e1\u00f1ez, <em>\u201cTransmisi\u00f3n y almacenamiento de la informaci\u00f3n asistidos por ruido\u201d<\/em>. Doctorado en Inform\u00e1tica \u2013 ITBA. Defensa: 15\/06\/2010. Director: Diego F. Grosz, co-director: Pablo I. Fierens.<\/li>\n<\/ol>\n<p><u>Masters<\/u><\/p>\n<ol>\n<li>Germ\u00e1n Schwoyer, <em>\u201cEstudio comparativo de m\u00e9todos de sensado en radio cognitiva. Sensado cooperativo de energ\u00eda\u201d. <\/em>Master en Telecomunicaciones \u2013 ITBA. Defensa: 11\/2016. Director: Pablo I. Fierens.<\/li>\n<li>Mat\u00edas Pighin, <em>\u201cVANET y servicios de emergencia\u201d. <\/em>Master en Telecomunicaciones \u2013 ITBA. Defensa: 8\/2016. Director: Pablo I. Fierens.<\/li>\n<li>Osvaldo P. Ivani, <em>\u201cImplementaci\u00f3n de sistemas Metro WiFi, un enfoque anal\u00edtico y operativo\u201d. <\/em>Master en Telecomunicaciones \u2013 ITBA. Defensa: 12\/2015. Director: Pablo I. Fierens.<\/li>\n<li>Eric D. Miedzowicz, <em>\u201cRed Inal\u00e1mbrica Municipal de la Ciudad de Buenos Aires. Dise\u00f1o y Servicios\u201d. <\/em>Master en Telecomunicaciones \u2013 ITBA. Defensa: 10\/2010. Director: Pablo I. Fierens.<\/li>\n<li>Carlos Esteban Benitez,<em> \u201cDeterminaci\u00f3n de Par\u00e1metros de Perfiles de Intrusos de Sistemas Inform\u00e1ticos, en funci\u00f3n de su Comportamiento\u201d.<\/em> Master en Sistemas de Informaci\u00f3n \u2013 UTN. Defensa: 05\/2010. Director: Pablo I. Fierens.<\/li>\n<li>Hugo Eduardo Luque, <em>\u201cSimulaci\u00f3n de un Sistema Di<\/em><em>stribuido de Detecci\u00f3n de Intrusiones\u201d. <\/em>Master en Telecomunicaciones \u2013 ITBA. Defensa: 09\/2008. Director: Pablo I. Fierens.<\/li>\n<\/ol>\n<p><u>Specialization<\/u><\/p>\n<ol>\n<li>Pedro Ignacio Sequeira, <em>\u201cEstudio de la interoperabilidad entre distintos equipamientos DWDM\u201d<\/em>, Especializaci\u00f3n en Telecomunicaciones \u2013 ITBA, Marzo 2017.<\/li>\n<li>Sergio de Jes\u00fas, <em>\u201cDise\u00f1o de una red de sensores para la determinaci\u00f3n de variables peatonales\u201d<\/em>. Carrera de Especializaci\u00f3n en Sistemas Embebidos \u2013 Facultad de Ingenier\u00eda, UBA. Defensa: 5\/12\/2016.<\/li>\n<\/ol>\n<p><span style=\"text-decoration: underline\">Undergrad final projects and theses<\/span><\/p>\n<ol>\n<li>Mateo L\u00f3pez Gaffney,\u00a0<em>\u00abSistema \u00f3ptico de seguimiento de instrumental para entrenamiento en neurocirug\u00eda\u00bb<\/em>. Proyecto final de carrera. Bioingenier\u00eda Inform\u00e1tica &#8211; ITBA, Septiembre 2025.<\/li>\n<li>Segundo Fari\u00f1a, Gast\u00f3n Rodr\u00edguez,\u00a0<em>\u00abConteo de Personas\u00bb.<\/em> Proyecto final de carrera. Ingenier\u00eda Inform\u00e1tica &#8211; ITBA, Diciembre 2020.<\/li>\n<li>Juan Francisco Li Puma, Juli\u00e1n Rodriguez Nicastro, Diego de Rochebou\u00ebt, <em>\u201cSistemas de Posicionamiento en Interiores\u201d<\/em>. Proyecto final de carrera. Ingenier\u00eda Inform\u00e1tica \u2013 ITBA, Diciembre 2019.<\/li>\n<\/ol>\n<p><span style=\"text-decoration: underline\">Lab projects<\/span> (Laboratorio 6 y 7 &#8211; F\u00edsica UBA)<\/p>\n<ol>\n<li><a href=\"https:\/\/www.researchgate.net\/profile\/German_Patterson\">Germ\u00e1n Patterson<\/a> y <a href=\"https:\/\/www.researchgate.net\/profile\/Andres_Goya\">Andr\u00e9s Goya<\/a> (2008)<\/li>\n<li><a href=\"https:\/\/scholar.google.com.ar\/citations?user=1n7YFKwAAAAJ&amp;hl=en&amp;oi=ao\">Guido Bellomo<\/a> (2010)<\/li>\n<li>Alejandro Garc\u00eda (2012)<\/li>\n<li>Noelia Fern\u00e1ndez (2014)<\/li>\n<li><a href=\"https:\/\/scholar.google.com\/citations?hl=en&amp;user=OCukxPwAAAAJ\">Alan Rapoport<\/a> y Agust\u00edn Cisternas Ferri (2018)<\/li>\n<li>Sasha Brenner y <a href=\"https:\/\/scholar.google.com\/citations?user=ytXpeOMAAAAJ&amp;hl=en&amp;oi=ao\">Ad\u00e1n Garros<\/a>. Laboratorio 6 y 7 (2019)<\/li>\n<\/ol>\n<p><span style=\"text-decoration: underline\">Other undergrad students<\/span><\/p>\n<ol>\n<li>Gast\u00f3n Kuracz, Francisco Reyna, Leandro Reina Kiperman: Simulaci\u00f3n de propagaci\u00f3n de pulsos en fibras \u00f3pticas usando GPUs. Los alumnos autores de este trabajo fueron distinguidos como ganadores del Premio de Iniciaci\u00f3n a la I+D del ITBA.<\/li>\n<li>Santiago Bassani y Luciano Bianchi: Sistema de posicionamiento de dispositivos m\u00f3viles.<\/li>\n<li>Federico Sangiuliano.<\/li>\n<\/ol>\n<p>&nbsp;<\/p>\n","protected":false},"excerpt":{"rendered":"<p>Current students Here can be your name&#8230; Former students PhD Juan Pablo Grisales Campe\u00f3n, \u00abSistemas de posicionamiento en interiores.\u00bb\u00a0Doctorado en Ingenier\u00eda\u2013 ITBA. Defensa: 23\/05\/2023. Director: Pablo I. Fierens. Alfredo D. S\u00e1nchez,\u00a0\u00abTemas de \u00f3ptica no lineal en mid-IR.\u00bb Doctorado en Ciencias de la Ingenier\u00eda &#8211; Instituto Balseiro, UNCUYO. Defensa: Junio 2019. Directores: Diego F. Grosz, Pablo [&hellip;]<\/p>\n","protected":false},"author":19,"featured_media":0,"parent":163,"menu_order":0,"comment_status":"closed","ping_status":"closed","template":"page-template-blank.php","meta":{"_et_pb_use_builder":"","_et_pb_old_content":"","_et_gb_content_width":"","footnotes":""},"class_list":["post-16","page","type-page","status-publish","hentry"],"_links":{"self":[{"href":"https:\/\/www.itba.edu.ar\/centros\/cdo\/wp-json\/wp\/v2\/pages\/16","targetHints":{"allow":["GET"]}}],"collection":[{"href":"https:\/\/www.itba.edu.ar\/centros\/cdo\/wp-json\/wp\/v2\/pages"}],"about":[{"href":"https:\/\/www.itba.edu.ar\/centros\/cdo\/wp-json\/wp\/v2\/types\/page"}],"author":[{"embeddable":true,"href":"https:\/\/www.itba.edu.ar\/centros\/cdo\/wp-json\/wp\/v2\/users\/19"}],"replies":[{"embeddable":true,"href":"https:\/\/www.itba.edu.ar\/centros\/cdo\/wp-json\/wp\/v2\/comments?post=16"}],"version-history":[{"count":3,"href":"https:\/\/www.itba.edu.ar\/centros\/cdo\/wp-json\/wp\/v2\/pages\/16\/revisions"}],"predecessor-version":[{"id":255,"href":"https:\/\/www.itba.edu.ar\/centros\/cdo\/wp-json\/wp\/v2\/pages\/16\/revisions\/255"}],"up":[{"embeddable":true,"href":"https:\/\/www.itba.edu.ar\/centros\/cdo\/wp-json\/wp\/v2\/pages\/163"}],"wp:attachment":[{"href":"https:\/\/www.itba.edu.ar\/centros\/cdo\/wp-json\/wp\/v2\/media?parent=16"}],"curies":[{"name":"wp","href":"https:\/\/api.w.org\/{rel}","templated":true}]}}