{"id":10,"date":"2020-11-26T11:55:23","date_gmt":"2020-11-26T11:55:23","guid":{"rendered":"https:\/\/www.itba.edu.ar\/centros\/cafibis\/?page_id=10"},"modified":"2021-12-11T22:52:42","modified_gmt":"2021-12-11T22:52:42","slug":"el-centro","status":"publish","type":"page","link":"https:\/\/www.itba.edu.ar\/centros\/cafibis\/","title":{"rendered":"El Centro"},"content":{"rendered":"<p>[et_pb_section fb_built=\u00bb1&#8243; admin_label=\u00bbHero\u00bb _builder_version=\u00bb4.7.7&#8243; use_background_color_gradient=\u00bbon\u00bb background_color_gradient_start=\u00bbrgba(40,40,40,0.79)\u00bb background_color_gradient_end=\u00bbrgba(40,40,40,0.86)\u00bb background_color_gradient_type=\u00bbradial\u00bb background_color_gradient_direction_radial=\u00bbtop left\u00bb background_color_gradient_overlays_image=\u00bbon\u00bb background_image=\u00bbhttps:\/\/centros-investigacion-nv.s3.amazonaws.com\/wp-content\/uploads\/sites\/14\/2021\/03\/FotoToros-1.png\u00bb background_position=\u00bbtop_center\u00bb background_blend=\u00bbsoft-light\u00bb custom_margin=\u00bb||||false\u00bb custom_padding=\u00bb10vw||10vw||true|false\u00bb filter_saturate=\u00bb99%\u00bb mix_blend_mode=\u00bbdarken\u00bb global_colors_info=\u00bb{}\u00bb][et_pb_row column_structure=\u00bb2_3,1_3&#8243; _builder_version=\u00bb3.25&#8243; global_colors_info=\u00bb{}\u00bb][et_pb_column type=\u00bb2_3&#8243; _builder_version=\u00bb3.25&#8243; custom_padding=\u00bb|||\u00bb global_colors_info=\u00bb{}\u00bb custom_padding__hover=\u00bb|||\u00bb][et_pb_text _builder_version=\u00bb4.9.1&#8243; text_font=\u00bb||||||||\u00bb header_font=\u00bbRubik|700|||||||\u00bb header_font_size=\u00bb64px\u00bb header_line_height=\u00bb1.1em\u00bb background_layout=\u00bbdark\u00bb max_width=\u00bb800px\u00bb custom_margin=\u00bb||0px|\u00bb custom_padding=\u00bb|||16px\u00bb text_font_size_tablet=\u00bb14px\u00bb text_font_size_last_edited=\u00bboff|desktop\u00bb header_font_size_tablet=\u00bb44px\u00bb header_font_size_phone=\u00bb32px\u00bb header_font_size_last_edited=\u00bbon|phone\u00bb border_color_all=\u00bb#adff30&#8243; border_width_left=\u00bb10px\u00bb global_colors_info=\u00bb{}\u00bb]<\/p>\n<h1>CAFiBiS<\/h1>\n<h2 style=\"color: #000\"><span style=\"background-color: #ACFD31;background-size: auto;line-height: 1.6;color: #000000\">Centro de Agentes F\u00edsicos, Biol\u00f3gicos y Sociales <\/span><\/h2>\n<p><span style=\"font-size: 26px\">Departamento de Ingenier\u00eda Inform\u00e1tica<\/span>[\/et_pb_text][\/et_pb_column][et_pb_column type=\u00bb1_3&#8243; _builder_version=\u00bb3.25&#8243; custom_padding=\u00bb|||\u00bb global_colors_info=\u00bb{}\u00bb custom_padding__hover=\u00bb|||\u00bb][\/et_pb_column][\/et_pb_row][\/et_pb_section][et_pb_section fb_built=\u00bb1&#8243; admin_label=\u00bbAbout Us\u00bb _builder_version=\u00bb3.22&#8243; global_colors_info=\u00bb{}\u00bb][et_pb_row _builder_version=\u00bb4.6.6&#8243; min_height=\u00bb348px\u00bb height=\u00bb188px\u00bb global_colors_info=\u00bb{}\u00bb][et_pb_column type=\u00bb4_4&#8243; _builder_version=\u00bb3.25&#8243; custom_padding=\u00bb|||\u00bb global_colors_info=\u00bb{}\u00bb custom_padding__hover=\u00bb|||\u00bb][et_pb_text _builder_version=\u00bb4.6.6&#8243; text_font=\u00bb||||||||\u00bb text_font_size=\u00bb15px\u00bb text_line_height=\u00bb1.8em\u00bb custom_padding=\u00bb|||\u00bb custom_padding_tablet=\u00bb|40px||40px||true\u00bb custom_padding_last_edited=\u00bboff|desktop\u00bb global_colors_info=\u00bb{}\u00bb]<\/p>\n<h1 style=\"text-align: center\"><strong>El Centro<\/strong><\/h1>\n<p>[\/et_pb_text][et_pb_text _builder_version=\u00bb4.7.7&#8243; text_font=\u00bb||||||||\u00bb text_font_size=\u00bb15px\u00bb text_line_height=\u00bb1.8em\u00bb min_height=\u00bb82px\u00bb custom_padding=\u00bb|||\u00bb custom_padding_tablet=\u00bb|40px||40px||true\u00bb custom_padding_last_edited=\u00bboff|desktop\u00bb animation_style=\u00bbslide\u00bb global_colors_info=\u00bb{}\u00bb]<\/p>\n<div>El Centro de Agentes F\u00edsicos, Biol\u00f3gicos y Sociales (CAFiBiS) realiza investigaci\u00f3n cient\u00edfica b\u00e1sica y aplicada en el \u00e1rea de materia activa estudiando las propiedades emergentes de sistemas formados por muchos agentes como por ejemplo: Din\u00e1mica Peatonal y de Multitudes, Robots impulsados por vibraci\u00f3n, Sistemas Financieros, C\u00e9lulas del sistema Inmunol\u00f3gico, Medios Granulares y Hormigas.<\/div>\n<div>\u00a0<\/div>\n<div><\/div>\n<div><\/div>\n<div>Adem\u00e1s lleva a cabo la formaci\u00f3n de recursos humanos de grado y posgrado a trav\u00e9s del dictado de \u00a0la materia \u00abSimulaci\u00f3n de Sistemas\u00bb y de la direcci\u00f3n de pasantes de investigaci\u00f3n, proyectos finales, doctorado y posdoctorado.<\/div>\n<p>[\/et_pb_text][et_pb_text _builder_version=\u00bb4.6.6&#8243; text_font=\u00bb||||||||\u00bb text_font_size=\u00bb15px\u00bb text_line_height=\u00bb1.8em\u00bb custom_padding=\u00bb|||\u00bb custom_padding_tablet=\u00bb|40px||40px||true\u00bb custom_padding_last_edited=\u00bboff|desktop\u00bb global_colors_info=\u00bb{}\u00bb]<\/p>\n<h1 style=\"text-align: center\"><strong><\/strong><\/h1>\n<h1 style=\"text-align: center\"><strong><\/strong><\/h1>\n<h1 style=\"text-align: center\"><strong><\/strong><\/h1>\n<h1 style=\"text-align: center\"><strong>L\u00edneas de Investigaci\u00f3n<\/strong><\/h1>\n<p>&nbsp;<\/p>\n<p><strong><\/p>\n<p><\/strong><\/p>\n<p>[\/et_pb_text][et_pb_text _builder_version=\u00bb4.6.6&#8243; text_font=\u00bb||||||||\u00bb text_font_size=\u00bb15px\u00bb text_line_height=\u00bb1.8em\u00bb min_height=\u00bb232px\u00bb custom_margin=\u00bb-51px|||||\u00bb custom_padding=\u00bb|||\u00bb custom_padding_tablet=\u00bb|40px||40px||true\u00bb custom_padding_last_edited=\u00bboff|desktop\u00bb animation_style=\u00bbflip\u00bb global_colors_info=\u00bb{}\u00bb]<\/p>\n<ul>\n<li>Din\u00e1mica Peatonal y de Multitudes. Caracterizaci\u00f3n Experimental, Modelado y Simulaci\u00f3n Computacional de sistemas de personas en movimiento bajo distintas condiciones (egreso cooperativo y competitivo, navegaci\u00f3n y elusi\u00f3n de colisiones, caracterizaci\u00f3n de la distancia social en el contexto de una pandemia).\n<\/li>\n<li>\u00a0Desarrollo de simulador de tr\u00e1nsito peatonal para transferencia de conocimiento al sector productivo (asesoramiento en el dise\u00f1o de instalaciones peatonales y variables operativas para lograr funciones objetivo como seguridad, eficiencia, distancia social, etc.<\/li>\n<li>Propiedades emergentes de grupos de robots impulsados por vibraci\u00f3n. Transici\u00f3n fluido-atasco, hechos estilizados de sistemas financieros.\n<\/li>\n<li>\u00a0Conteo de multitudes en espacios abiertos. Mediante registro de im\u00e1genes visibles e infrarrojas tomadas desde un drone con sistemas anti-fallas.\n<\/li>\n<li>Control de Multitudes de C\u00e9lulas T. Proyecto internacional e interdisciplinario. Experimentaci\u00f3n, caracterizaci\u00f3n modelado y simulaci\u00f3n del desplazamiento colectivo de c\u00e9lulas del sistema inmunol\u00f3gico en dispositivos microflu\u00eddicos 2D y 3D de creciente complejidad y en \u00f3rganos de ratones.<\/li>\n<\/ul>\n<h2><\/h2>\n<p>[\/et_pb_text][et_pb_text _builder_version=\u00bb4.6.6&#8243; text_font=\u00bb||||||||\u00bb text_font_size=\u00bb15px\u00bb text_line_height=\u00bb1.8em\u00bb min_height=\u00bb39px\u00bb custom_padding=\u00bb|||\u00bb custom_padding_tablet=\u00bb|40px||40px||true\u00bb custom_padding_last_edited=\u00bboff|desktop\u00bb global_colors_info=\u00bb{}\u00bb]<\/p>\n<h1 style=\"text-align: center\"><strong>Quienes Somos<br \/>\n<\/strong><\/h1>\n<p><\/br>[\/et_pb_text][\/et_pb_column][\/et_pb_row][\/et_pb_section][et_pb_section fb_built=\u00bb1&#8243; _builder_version=\u00bb4.6.6&#8243; _module_preset=\u00bbdefault\u00bb min_height=\u00bb346px\u00bb global_colors_info=\u00bb{}\u00bb][et_pb_row column_structure=\u00bb1_5,1_5,1_5,1_5,1_5&#8243; _builder_version=\u00bb4.6.6&#8243; _module_preset=\u00bbdefault\u00bb global_colors_info=\u00bb{}\u00bb][et_pb_column type=\u00bb1_5&#8243; _builder_version=\u00bb4.6.6&#8243; _module_preset=\u00bbdefault\u00bb global_colors_info=\u00bb{}\u00bb][et_pb_team_member name=\u00bbProf. Dr. Daniel R. Parisi\u00bb position=\u00bbDirector\u00bb image_url=\u00bbhttps:\/\/centros-investigacion-nv.s3.amazonaws.com\/wp-content\/uploads\/sites\/14\/2021\/03\/PhotoDRP.jpeg\u00bb _builder_version=\u00bb4.7.7&#8243; _module_preset=\u00bbdefault\u00bb animation_style=\u00bbflip\u00bb global_colors_info=\u00bb{}\u00bb][\/et_pb_team_member][\/et_pb_column][et_pb_column type=\u00bb1_5&#8243; _builder_version=\u00bb4.6.6&#8243; _module_preset=\u00bbdefault\u00bb global_colors_info=\u00bb{}\u00bb][et_pb_team_member name=\u00bbDr. German A. Patterson\u00bb position=\u00bbInvestigador\u00bb image_url=\u00bbhttps:\/\/centros-investigacion-nv.s3.amazonaws.com\/wp-content\/uploads\/sites\/14\/2021\/03\/hombre-invisible-comentarios.jpg\u00bb _builder_version=\u00bb4.7.7&#8243; _module_preset=\u00bbdefault\u00bb animation_style=\u00bbflip\u00bb global_colors_info=\u00bb{}\u00bb][\/et_pb_team_member][\/et_pb_column][et_pb_column type=\u00bb1_5&#8243; _builder_version=\u00bb4.6.6&#8243; _module_preset=\u00bbdefault\u00bb global_colors_info=\u00bb{}\u00bb][et_pb_team_member name=\u00bbLic. Rafael F. Martin\u00bb position=\u00bbEstudiante Doctorado\u00bb image_url=\u00bbhttps:\/\/centros-investigacion-nv.s3.amazonaws.com\/wp-content\/uploads\/sites\/14\/2021\/03\/Pagina-1.jpg\u00bb _builder_version=\u00bb4.7.7&#8243; _module_preset=\u00bbdefault\u00bb animation_style=\u00bbflip\u00bb global_colors_info=\u00bb{}\u00bb][\/et_pb_team_member][\/et_pb_column][et_pb_column type=\u00bb1_5&#8243; _builder_version=\u00bb4.6.6&#8243; _module_preset=\u00bbdefault\u00bb global_colors_info=\u00bb{}\u00bb][et_pb_team_member name=\u00bbLic. Lucas E. Wiebke\u00bb position=\u00bbEstudiante Doctorado\u00bb image_url=\u00bbhttps:\/\/centros-investigacion-nv.s3.amazonaws.com\/wp-content\/uploads\/sites\/14\/2021\/03\/LEW2-1-1.jpg\u00bb _builder_version=\u00bb4.7.7&#8243; _module_preset=\u00bbdefault\u00bb min_height=\u00bb276px\u00bb animation_style=\u00bbflip\u00bb global_colors_info=\u00bb{}\u00bb][\/et_pb_team_member][\/et_pb_column][et_pb_column type=\u00bb1_5&#8243; _builder_version=\u00bb4.6.6&#8243; _module_preset=\u00bbdefault\u00bb global_colors_info=\u00bb{}\u00bb][\/et_pb_column][\/et_pb_row][\/et_pb_section]<\/p>\n","protected":false},"excerpt":{"rendered":"<p>CAFiBiS Centro de Agentes F\u00edsicos, Biol\u00f3gicos y Sociales Departamento de Ingenier\u00eda Inform\u00e1ticaEl CentroEl Centro de Agentes F\u00edsicos, Biol\u00f3gicos y Sociales (CAFiBiS) realiza investigaci\u00f3n cient\u00edfica b\u00e1sica y aplicada en el \u00e1rea de materia activa estudiando las propiedades emergentes de sistemas formados por muchos agentes como por ejemplo: Din\u00e1mica Peatonal y de Multitudes, Robots impulsados por vibraci\u00f3n, [&hellip;]<\/p>\n","protected":false},"author":7,"featured_media":0,"parent":0,"menu_order":0,"comment_status":"closed","ping_status":"closed","template":"","meta":{"_et_pb_use_builder":"on","_et_pb_old_content":"","_et_gb_content_width":"","footnotes":""},"class_list":["post-10","page","type-page","status-publish","hentry"],"_links":{"self":[{"href":"https:\/\/www.itba.edu.ar\/centros\/cafibis\/wp-json\/wp\/v2\/pages\/10","targetHints":{"allow":["GET"]}}],"collection":[{"href":"https:\/\/www.itba.edu.ar\/centros\/cafibis\/wp-json\/wp\/v2\/pages"}],"about":[{"href":"https:\/\/www.itba.edu.ar\/centros\/cafibis\/wp-json\/wp\/v2\/types\/page"}],"author":[{"embeddable":true,"href":"https:\/\/www.itba.edu.ar\/centros\/cafibis\/wp-json\/wp\/v2\/users\/7"}],"replies":[{"embeddable":true,"href":"https:\/\/www.itba.edu.ar\/centros\/cafibis\/wp-json\/wp\/v2\/comments?post=10"}],"version-history":[{"count":31,"href":"https:\/\/www.itba.edu.ar\/centros\/cafibis\/wp-json\/wp\/v2\/pages\/10\/revisions"}],"predecessor-version":[{"id":161,"href":"https:\/\/www.itba.edu.ar\/centros\/cafibis\/wp-json\/wp\/v2\/pages\/10\/revisions\/161"}],"wp:attachment":[{"href":"https:\/\/www.itba.edu.ar\/centros\/cafibis\/wp-json\/wp\/v2\/media?parent=10"}],"curies":[{"name":"wp","href":"https:\/\/api.w.org\/{rel}","templated":true}]}}